{"id":1567,"date":"2024-09-01T12:55:26","date_gmt":"2024-09-01T09:55:26","guid":{"rendered":"https:\/\/www.cetasmuhendislik.com\/?page_id=1567"},"modified":"2024-09-10T09:51:02","modified_gmt":"2024-09-10T06:51:02","slug":"vizyonmisyon","status":"publish","type":"page","link":"https:\/\/www.cetasmuhendislik.com\/index.php\/vizyonmisyon\/","title":{"rendered":"Vizyon&#038;Misyon"},"content":{"rendered":"\n<p><\/p>\n\n\n\n<h4 class=\"wp-block-heading\">Misyonumuz, <\/h4>\n\n\n\n<p>Payda\u015flar\u0131m\u0131za M\u00fchendislik Hizmetlerini<\/p>\n\n\n\n<p>Ekonomik, H\u0131zl\u0131 ve G\u00fcvenilir Bir \u015eekilde \u0130\u015f G\u00fcvenli\u011fini<\/p>\n\n\n\n<p>En \u00dcst Seviyede \u00d6nemseyerek Y\u00fcksek Kalitede Sunmakt\u0131r.<\/p>\n\n\n\n<h1 class=\"wp-block-heading\"><\/h1>\n\n\n\n<h4 class=\"wp-block-heading\">Vizyonumuz,<\/h4>\n\n\n\n<p>Yetkin \u00c7al\u0131\u015fanlar\u0131m\u0131z ile Zorlu Geoteknik Projelerini, <\/p>\n\n\n\n<p>En \u0130yi ve Tercih Edilen M\u00fchendislik Dahil<\/p>\n\n\n\n<p>\u00c7\u00f6z\u00fcm Orta\u011f\u0131 Olmakt\u0131r.<\/p>\n","protected":false},"excerpt":{"rendered":"<p>Misyonumuz, Payda\u015flar\u0131m\u0131za M\u00fchendislik Hizmetlerini Ekonomik, H\u0131zl\u0131 ve G\u00fcvenilir Bir \u015eekilde \u0130\u015f G\u00fcvenli\u011fini En \u00dcst Seviyede \u00d6nemseyerek Y\u00fcksek Kalitede Sunmakt\u0131r. Vizyonumuz, Yetkin \u00c7al\u0131\u015fanlar\u0131m\u0131z ile Zorlu Geoteknik Projelerini, En \u0130yi ve Tercih &#8230;<\/p>\n","protected":false},"author":1,"featured_media":0,"parent":0,"menu_order":0,"comment_status":"closed","ping_status":"closed","template":"","meta":{"footnotes":""},"class_list":["post-1567","page","type-page","status-publish","hentry"],"yoast_head":"<!-- This site is optimized with the Yoast SEO plugin v23.4 - https:\/\/yoast.com\/wordpress\/plugins\/seo\/ -->\n<title>Vizyon&amp;Misyon - \u00c7eta\u015f Zemin M\u00fchendislik<\/title>\n<meta name=\"robots\" content=\"index, follow, max-snippet:-1, max-image-preview:large, max-video-preview:-1\" \/>\n<link rel=\"canonical\" href=\"https:\/\/www.cetasmuhendislik.com\/index.php\/vizyonmisyon\/\" \/>\n<meta property=\"og:locale\" content=\"tr_TR\" \/>\n<meta property=\"og:type\" content=\"article\" \/>\n<meta property=\"og:title\" content=\"Vizyon&amp;Misyon - \u00c7eta\u015f Zemin M\u00fchendislik\" \/>\n<meta property=\"og:description\" content=\"Misyonumuz, Payda\u015flar\u0131m\u0131za M\u00fchendislik Hizmetlerini Ekonomik, H\u0131zl\u0131 ve G\u00fcvenilir Bir \u015eekilde \u0130\u015f G\u00fcvenli\u011fini En \u00dcst Seviyede \u00d6nemseyerek Y\u00fcksek Kalitede Sunmakt\u0131r. Vizyonumuz, Yetkin \u00c7al\u0131\u015fanlar\u0131m\u0131z ile Zorlu Geoteknik Projelerini, En \u0130yi ve Tercih ...\" \/>\n<meta property=\"og:url\" content=\"https:\/\/www.cetasmuhendislik.com\/index.php\/vizyonmisyon\/\" \/>\n<meta property=\"og:site_name\" content=\"\u00c7eta\u015f Zemin M\u00fchendislik\" \/>\n<meta property=\"article:modified_time\" content=\"2024-09-10T06:51:02+00:00\" \/>\n<meta name=\"twitter:card\" content=\"summary_large_image\" \/>\n<script type=\"application\/ld+json\" class=\"yoast-schema-graph\">{\"@context\":\"https:\/\/schema.org\",\"@graph\":[{\"@type\":\"WebPage\",\"@id\":\"https:\/\/www.cetasmuhendislik.com\/index.php\/vizyonmisyon\/\",\"url\":\"https:\/\/www.cetasmuhendislik.com\/index.php\/vizyonmisyon\/\",\"name\":\"Vizyon&Misyon - \u00c7eta\u015f Zemin M\u00fchendislik\",\"isPartOf\":{\"@id\":\"https:\/\/www.cetasmuhendislik.com\/#website\"},\"datePublished\":\"2024-09-01T09:55:26+00:00\",\"dateModified\":\"2024-09-10T06:51:02+00:00\",\"breadcrumb\":{\"@id\":\"https:\/\/www.cetasmuhendislik.com\/index.php\/vizyonmisyon\/#breadcrumb\"},\"inLanguage\":\"tr\",\"potentialAction\":[{\"@type\":\"ReadAction\",\"target\":[\"https:\/\/www.cetasmuhendislik.com\/index.php\/vizyonmisyon\/\"]}]},{\"@type\":\"BreadcrumbList\",\"@id\":\"https:\/\/www.cetasmuhendislik.com\/index.php\/vizyonmisyon\/#breadcrumb\",\"itemListElement\":[{\"@type\":\"ListItem\",\"position\":1,\"name\":\"Anasayfa\",\"item\":\"https:\/\/www.cetasmuhendislik.com\/\"},{\"@type\":\"ListItem\",\"position\":2,\"name\":\"Vizyon&#038;Misyon\"}]},{\"@type\":\"WebSite\",\"@id\":\"https:\/\/www.cetasmuhendislik.com\/#website\",\"url\":\"https:\/\/www.cetasmuhendislik.com\/\",\"name\":\"\u00c7eta\u015f Zemin M\u00fchendislik\",\"description\":\"\",\"publisher\":{\"@id\":\"https:\/\/www.cetasmuhendislik.com\/#organization\"},\"potentialAction\":[{\"@type\":\"SearchAction\",\"target\":{\"@type\":\"EntryPoint\",\"urlTemplate\":\"https:\/\/www.cetasmuhendislik.com\/?s={search_term_string}\"},\"query-input\":{\"@type\":\"PropertyValueSpecification\",\"valueRequired\":true,\"valueName\":\"search_term_string\"}}],\"inLanguage\":\"tr\"},{\"@type\":\"Organization\",\"@id\":\"https:\/\/www.cetasmuhendislik.com\/#organization\",\"name\":\"\u00c7eta\u015f Zemin M\u00fchendislik\",\"url\":\"https:\/\/www.cetasmuhendislik.com\/\",\"logo\":{\"@type\":\"ImageObject\",\"inLanguage\":\"tr\",\"@id\":\"https:\/\/www.cetasmuhendislik.com\/#\/schema\/logo\/image\/\",\"url\":\"https:\/\/www.cetasmuhendislik.com\/wp-content\/uploads\/2024\/08\/cetas-logo-mini-6.png\",\"contentUrl\":\"https:\/\/www.cetasmuhendislik.com\/wp-content\/uploads\/2024\/08\/cetas-logo-mini-6.png\",\"width\":296,\"height\":87,\"caption\":\"\u00c7eta\u015f Zemin M\u00fchendislik\"},\"image\":{\"@id\":\"https:\/\/www.cetasmuhendislik.com\/#\/schema\/logo\/image\/\"}}]}<\/script>\n<!-- \/ Yoast SEO plugin. -->","yoast_head_json":{"title":"Vizyon&Misyon - \u00c7eta\u015f Zemin M\u00fchendislik","robots":{"index":"index","follow":"follow","max-snippet":"max-snippet:-1","max-image-preview":"max-image-preview:large","max-video-preview":"max-video-preview:-1"},"canonical":"https:\/\/www.cetasmuhendislik.com\/index.php\/vizyonmisyon\/","og_locale":"tr_TR","og_type":"article","og_title":"Vizyon&Misyon - \u00c7eta\u015f Zemin M\u00fchendislik","og_description":"Misyonumuz, Payda\u015flar\u0131m\u0131za M\u00fchendislik Hizmetlerini Ekonomik, H\u0131zl\u0131 ve G\u00fcvenilir Bir \u015eekilde \u0130\u015f G\u00fcvenli\u011fini En \u00dcst Seviyede \u00d6nemseyerek Y\u00fcksek Kalitede Sunmakt\u0131r. Vizyonumuz, Yetkin \u00c7al\u0131\u015fanlar\u0131m\u0131z ile Zorlu Geoteknik Projelerini, En \u0130yi ve Tercih ...","og_url":"https:\/\/www.cetasmuhendislik.com\/index.php\/vizyonmisyon\/","og_site_name":"\u00c7eta\u015f Zemin M\u00fchendislik","article_modified_time":"2024-09-10T06:51:02+00:00","twitter_card":"summary_large_image","schema":{"@context":"https:\/\/schema.org","@graph":[{"@type":"WebPage","@id":"https:\/\/www.cetasmuhendislik.com\/index.php\/vizyonmisyon\/","url":"https:\/\/www.cetasmuhendislik.com\/index.php\/vizyonmisyon\/","name":"Vizyon&Misyon - \u00c7eta\u015f Zemin M\u00fchendislik","isPartOf":{"@id":"https:\/\/www.cetasmuhendislik.com\/#website"},"datePublished":"2024-09-01T09:55:26+00:00","dateModified":"2024-09-10T06:51:02+00:00","breadcrumb":{"@id":"https:\/\/www.cetasmuhendislik.com\/index.php\/vizyonmisyon\/#breadcrumb"},"inLanguage":"tr","potentialAction":[{"@type":"ReadAction","target":["https:\/\/www.cetasmuhendislik.com\/index.php\/vizyonmisyon\/"]}]},{"@type":"BreadcrumbList","@id":"https:\/\/www.cetasmuhendislik.com\/index.php\/vizyonmisyon\/#breadcrumb","itemListElement":[{"@type":"ListItem","position":1,"name":"Anasayfa","item":"https:\/\/www.cetasmuhendislik.com\/"},{"@type":"ListItem","position":2,"name":"Vizyon&#038;Misyon"}]},{"@type":"WebSite","@id":"https:\/\/www.cetasmuhendislik.com\/#website","url":"https:\/\/www.cetasmuhendislik.com\/","name":"\u00c7eta\u015f Zemin M\u00fchendislik","description":"","publisher":{"@id":"https:\/\/www.cetasmuhendislik.com\/#organization"},"potentialAction":[{"@type":"SearchAction","target":{"@type":"EntryPoint","urlTemplate":"https:\/\/www.cetasmuhendislik.com\/?s={search_term_string}"},"query-input":{"@type":"PropertyValueSpecification","valueRequired":true,"valueName":"search_term_string"}}],"inLanguage":"tr"},{"@type":"Organization","@id":"https:\/\/www.cetasmuhendislik.com\/#organization","name":"\u00c7eta\u015f Zemin M\u00fchendislik","url":"https:\/\/www.cetasmuhendislik.com\/","logo":{"@type":"ImageObject","inLanguage":"tr","@id":"https:\/\/www.cetasmuhendislik.com\/#\/schema\/logo\/image\/","url":"https:\/\/www.cetasmuhendislik.com\/wp-content\/uploads\/2024\/08\/cetas-logo-mini-6.png","contentUrl":"https:\/\/www.cetasmuhendislik.com\/wp-content\/uploads\/2024\/08\/cetas-logo-mini-6.png","width":296,"height":87,"caption":"\u00c7eta\u015f Zemin M\u00fchendislik"},"image":{"@id":"https:\/\/www.cetasmuhendislik.com\/#\/schema\/logo\/image\/"}}]}},"_links":{"self":[{"href":"https:\/\/www.cetasmuhendislik.com\/index.php\/wp-json\/wp\/v2\/pages\/1567","targetHints":{"allow":["GET"]}}],"collection":[{"href":"https:\/\/www.cetasmuhendislik.com\/index.php\/wp-json\/wp\/v2\/pages"}],"about":[{"href":"https:\/\/www.cetasmuhendislik.com\/index.php\/wp-json\/wp\/v2\/types\/page"}],"author":[{"embeddable":true,"href":"https:\/\/www.cetasmuhendislik.com\/index.php\/wp-json\/wp\/v2\/users\/1"}],"replies":[{"embeddable":true,"href":"https:\/\/www.cetasmuhendislik.com\/index.php\/wp-json\/wp\/v2\/comments?post=1567"}],"version-history":[{"count":15,"href":"https:\/\/www.cetasmuhendislik.com\/index.php\/wp-json\/wp\/v2\/pages\/1567\/revisions"}],"predecessor-version":[{"id":1690,"href":"https:\/\/www.cetasmuhendislik.com\/index.php\/wp-json\/wp\/v2\/pages\/1567\/revisions\/1690"}],"wp:attachment":[{"href":"https:\/\/www.cetasmuhendislik.com\/index.php\/wp-json\/wp\/v2\/media?parent=1567"}],"curies":[{"name":"wp","href":"https:\/\/api.w.org\/{rel}","templated":true}]}}