{"id":1570,"date":"2024-09-01T12:56:25","date_gmt":"2024-09-01T09:56:25","guid":{"rendered":"https:\/\/www.cetasmuhendislik.com\/?page_id=1570"},"modified":"2024-09-14T15:04:23","modified_gmt":"2024-09-14T12:04:23","slug":"insan-kaynaklari","status":"publish","type":"page","link":"https:\/\/www.cetasmuhendislik.com\/index.php\/insan-kaynaklari\/","title":{"rendered":"\u0130nsan Kaynaklar\u0131"},"content":{"rendered":"\n<p class=\"has-black-color has-text-color has-link-color wp-elements-d9846677ea3a341d2c82af1629f5d18f\"><strong>\u00c7eta\u015f Zemin M\u00fchendislik<\/strong> \u00e7al\u0131\u015fma arkada\u015flar\u0131n\u0131 ar\u0131yor ! Deneyimli tak\u0131m arkada\u015flar\u0131; \u00e7al\u0131\u015fma prensibine sahip, zemin m\u00fchendisli\u011fine g\u00f6n\u00fcl vermi\u015f adaylara sundu\u011fumuz i\u015f f\u0131rsatlar\u0131 i\u00e7in \u00c7eta\u015f sizi bekliyor ! Yapman\u0131z gereken A\u015fa\u011f\u0131daki formu eksiksiz olarak doldurup, bize g\u00f6ndermek ! \u0130nsan Kaynaklar\u0131 departman\u0131m\u0131z formu inceledikten sonra en k\u0131sa zaman i\u00e7inde size geri d\u00f6necektir.<\/p>\n\n\n<style id=\"wpforms-css-vars-root\">\n\t\t\t\t:root {\n\t\t\t\t\t--wpforms-field-border-radius: 3px;\n--wpforms-field-border-style: solid;\n--wpforms-field-border-size: 1px;\n--wpforms-field-background-color: #ffffff;\n--wpforms-field-border-color: rgba( 0, 0, 0, 0.25 );\n--wpforms-field-border-color-spare: rgba( 0, 0, 0, 0.25 );\n--wpforms-field-text-color: rgba( 0, 0, 0, 0.7 );\n--wpforms-field-menu-color: #ffffff;\n--wpforms-label-color: rgba( 0, 0, 0, 0.85 );\n--wpforms-label-sublabel-color: rgba( 0, 0, 0, 0.55 );\n--wpforms-label-error-color: #d63637;\n--wpforms-button-border-radius: 3px;\n--wpforms-button-border-style: none;\n--wpforms-button-border-size: 1px;\n--wpforms-button-background-color: #066aab;\n--wpforms-button-border-color: #066aab;\n--wpforms-button-text-color: #ffffff;\n--wpforms-page-break-color: #066aab;\n--wpforms-background-image: none;\n--wpforms-background-position: center center;\n--wpforms-background-repeat: no-repeat;\n--wpforms-background-size: cover;\n--wpforms-background-width: 100px;\n--wpforms-background-height: 100px;\n--wpforms-background-color: rgba( 0, 0, 0, 0 );\n--wpforms-background-url: none;\n--wpforms-container-padding: 0px;\n--wpforms-container-border-style: none;\n--wpforms-container-border-width: 1px;\n--wpforms-container-border-color: #000000;\n--wpforms-container-border-radius: 3px;\n--wpforms-field-size-input-height: 43px;\n--wpforms-field-size-input-spacing: 15px;\n--wpforms-field-size-font-size: 16px;\n--wpforms-field-size-line-height: 19px;\n--wpforms-field-size-padding-h: 14px;\n--wpforms-field-size-checkbox-size: 16px;\n--wpforms-field-size-sublabel-spacing: 5px;\n--wpforms-field-size-icon-size: 1;\n--wpforms-label-size-font-size: 16px;\n--wpforms-label-size-line-height: 19px;\n--wpforms-label-size-sublabel-font-size: 14px;\n--wpforms-label-size-sublabel-line-height: 17px;\n--wpforms-button-size-font-size: 17px;\n--wpforms-button-size-height: 41px;\n--wpforms-button-size-padding-h: 15px;\n--wpforms-button-size-margin-top: 10px;\n--wpforms-container-shadow-size-box-shadow: none;\n\n\t\t\t\t}\n\t\t\t<\/style><div class=\"wpforms-container wpforms-container-full wpforms-block wpforms-block-0a652228-cffe-48fa-aff3-336bad2f40b1 wpforms-render-modern\" id=\"wpforms-1699\"><form id=\"wpforms-form-1699\" class=\"wpforms-validate wpforms-form wpforms-ajax-form\" data-formid=\"1699\" method=\"post\" enctype=\"multipart\/form-data\" action=\"\/index.php\/wp-json\/wp\/v2\/pages\/1570\" data-token=\"cec2964508595b6fdb4d06d55a27d2b7\" data-token-time=\"1776516071\"><noscript class=\"wpforms-error-noscript\">Bu formu bitirebilmek i\u00e7in taray\u0131c\u0131n\u0131zda JavaScript&#039;i etkinle\u015ftirin.<\/noscript><div class=\"wpforms-hidden\" id=\"wpforms-error-noscript\">Bu formu bitirebilmek i\u00e7in taray\u0131c\u0131n\u0131zda JavaScript&#039;i etkinle\u015ftirin.<\/div><div class=\"wpforms-field-container\"><div id=\"wpforms-1699-field_1-container\" class=\"wpforms-field wpforms-field-name\" data-field-id=\"1\"><fieldset><legend class=\"wpforms-field-label\">Ad\u0131-Soyad\u0131 <span class=\"wpforms-required-label\" aria-hidden=\"true\">*<\/span><\/legend><div class=\"wpforms-field-row wpforms-field-medium\"><div class=\"wpforms-field-row-block wpforms-first wpforms-one-half\"><input type=\"text\" id=\"wpforms-1699-field_1\" class=\"wpforms-field-name-first wpforms-field-required\" name=\"wpforms[fields][1][first]\" aria-errormessage=\"wpforms-1699-field_1-error\" required><label for=\"wpforms-1699-field_1\" class=\"wpforms-field-sublabel after\">Ad<\/label><\/div><div class=\"wpforms-field-row-block wpforms-one-half\"><input type=\"text\" id=\"wpforms-1699-field_1-last\" class=\"wpforms-field-name-last wpforms-field-required\" name=\"wpforms[fields][1][last]\" aria-errormessage=\"wpforms-1699-field_1-last-error\" required><label for=\"wpforms-1699-field_1-last\" class=\"wpforms-field-sublabel after\">Soyad<\/label><\/div><\/div><\/fieldset><\/div><div id=\"wpforms-1699-field_10-container\" class=\"wpforms-field wpforms-field-text\" data-field-id=\"10\"><label class=\"wpforms-field-label\" for=\"wpforms-1699-field_10\">Ba\u015fvurmak \u0130stedi\u011finiz Pozisyon<\/label><input type=\"text\" id=\"wpforms-1699-field_10\" class=\"wpforms-field-medium\" name=\"wpforms[fields][10]\" aria-errormessage=\"wpforms-1699-field_10-error\" ><\/div><div id=\"wpforms-1699-field_4-container\" class=\"wpforms-field wpforms-field-textarea\" data-field-id=\"4\"><label class=\"wpforms-field-label\" for=\"wpforms-1699-field_4\">Ba\u015fka sorular\u0131n\u0131z olursa l\u00fctfen bize buradan bildirin. K\u0131sa s\u00fcre i\u00e7inde sizinle ileti\u015fime ge\u00e7ece\u011fiz.<\/label><textarea id=\"wpforms-1699-field_4\" class=\"wpforms-field-medium\" name=\"wpforms[fields][4]\" aria-errormessage=\"wpforms-1699-field_4-error\" ><\/textarea><\/div><\/div><!-- .wpforms-field-container --><div class=\"wpforms-submit-container\" ><input type=\"hidden\" name=\"wpforms[id]\" value=\"1699\"><input type=\"hidden\" name=\"page_title\" value=\"\"><input type=\"hidden\" name=\"page_url\" value=\"https:\/\/www.cetasmuhendislik.com\/index.php\/wp-json\/wp\/v2\/pages\/1570\"><button type=\"submit\" name=\"wpforms[submit]\" id=\"wpforms-submit-1699\" class=\"wpforms-submit\" data-alt-text=\"G\u00f6nderiliyor...\" data-submit-text=\"G\u00f6nder\" aria-live=\"assertive\" value=\"wpforms-submit\">G\u00f6nder<\/button><img loading=\"lazy\" decoding=\"async\" src=\"https:\/\/www.cetasmuhendislik.com\/wp-content\/plugins\/wpforms-lite\/assets\/images\/submit-spin.svg\" class=\"wpforms-submit-spinner\" style=\"display: none;\" width=\"26\" height=\"26\" alt=\"Y\u00fckleniyor\"><\/div><\/form><\/div>  <!-- .wpforms-container -->\n\n\n<p><\/p>\n","protected":false},"excerpt":{"rendered":"<p>\u00c7eta\u015f Zemin M\u00fchendislik \u00e7al\u0131\u015fma arkada\u015flar\u0131n\u0131 ar\u0131yor ! Deneyimli tak\u0131m arkada\u015flar\u0131; \u00e7al\u0131\u015fma prensibine sahip, zemin m\u00fchendisli\u011fine g\u00f6n\u00fcl vermi\u015f adaylara sundu\u011fumuz i\u015f f\u0131rsatlar\u0131 i\u00e7in \u00c7eta\u015f sizi bekliyor ! Yapman\u0131z gereken A\u015fa\u011f\u0131daki formu &#8230;<\/p>\n","protected":false},"author":1,"featured_media":0,"parent":0,"menu_order":0,"comment_status":"closed","ping_status":"closed","template":"","meta":{"footnotes":""},"class_list":["post-1570","page","type-page","status-publish","hentry"],"yoast_head":"<!-- This site is optimized with the Yoast SEO plugin v23.4 - https:\/\/yoast.com\/wordpress\/plugins\/seo\/ -->\n<title>\u0130nsan Kaynaklar\u0131 - \u00c7eta\u015f Zemin M\u00fchendislik<\/title>\n<meta name=\"robots\" content=\"index, follow, max-snippet:-1, max-image-preview:large, max-video-preview:-1\" \/>\n<link rel=\"canonical\" href=\"https:\/\/www.cetasmuhendislik.com\/index.php\/insan-kaynaklari\/\" \/>\n<meta property=\"og:locale\" content=\"tr_TR\" \/>\n<meta property=\"og:type\" content=\"article\" \/>\n<meta property=\"og:title\" content=\"\u0130nsan Kaynaklar\u0131 - \u00c7eta\u015f Zemin M\u00fchendislik\" \/>\n<meta property=\"og:description\" content=\"\u00c7eta\u015f Zemin M\u00fchendislik \u00e7al\u0131\u015fma arkada\u015flar\u0131n\u0131 ar\u0131yor ! Deneyimli tak\u0131m arkada\u015flar\u0131; \u00e7al\u0131\u015fma prensibine sahip, zemin m\u00fchendisli\u011fine g\u00f6n\u00fcl vermi\u015f adaylara sundu\u011fumuz i\u015f f\u0131rsatlar\u0131 i\u00e7in \u00c7eta\u015f sizi bekliyor ! Yapman\u0131z gereken A\u015fa\u011f\u0131daki formu ...\" \/>\n<meta property=\"og:url\" content=\"https:\/\/www.cetasmuhendislik.com\/index.php\/insan-kaynaklari\/\" \/>\n<meta property=\"og:site_name\" content=\"\u00c7eta\u015f Zemin M\u00fchendislik\" \/>\n<meta property=\"article:modified_time\" content=\"2024-09-14T12:04:23+00:00\" \/>\n<meta name=\"twitter:card\" content=\"summary_large_image\" \/>\n<script type=\"application\/ld+json\" class=\"yoast-schema-graph\">{\"@context\":\"https:\/\/schema.org\",\"@graph\":[{\"@type\":\"WebPage\",\"@id\":\"https:\/\/www.cetasmuhendislik.com\/index.php\/insan-kaynaklari\/\",\"url\":\"https:\/\/www.cetasmuhendislik.com\/index.php\/insan-kaynaklari\/\",\"name\":\"\u0130nsan Kaynaklar\u0131 - \u00c7eta\u015f Zemin M\u00fchendislik\",\"isPartOf\":{\"@id\":\"https:\/\/www.cetasmuhendislik.com\/#website\"},\"datePublished\":\"2024-09-01T09:56:25+00:00\",\"dateModified\":\"2024-09-14T12:04:23+00:00\",\"breadcrumb\":{\"@id\":\"https:\/\/www.cetasmuhendislik.com\/index.php\/insan-kaynaklari\/#breadcrumb\"},\"inLanguage\":\"tr\",\"potentialAction\":[{\"@type\":\"ReadAction\",\"target\":[\"https:\/\/www.cetasmuhendislik.com\/index.php\/insan-kaynaklari\/\"]}]},{\"@type\":\"BreadcrumbList\",\"@id\":\"https:\/\/www.cetasmuhendislik.com\/index.php\/insan-kaynaklari\/#breadcrumb\",\"itemListElement\":[{\"@type\":\"ListItem\",\"position\":1,\"name\":\"Anasayfa\",\"item\":\"https:\/\/www.cetasmuhendislik.com\/\"},{\"@type\":\"ListItem\",\"position\":2,\"name\":\"\u0130nsan Kaynaklar\u0131\"}]},{\"@type\":\"WebSite\",\"@id\":\"https:\/\/www.cetasmuhendislik.com\/#website\",\"url\":\"https:\/\/www.cetasmuhendislik.com\/\",\"name\":\"\u00c7eta\u015f Zemin M\u00fchendislik\",\"description\":\"\",\"publisher\":{\"@id\":\"https:\/\/www.cetasmuhendislik.com\/#organization\"},\"potentialAction\":[{\"@type\":\"SearchAction\",\"target\":{\"@type\":\"EntryPoint\",\"urlTemplate\":\"https:\/\/www.cetasmuhendislik.com\/?s={search_term_string}\"},\"query-input\":{\"@type\":\"PropertyValueSpecification\",\"valueRequired\":true,\"valueName\":\"search_term_string\"}}],\"inLanguage\":\"tr\"},{\"@type\":\"Organization\",\"@id\":\"https:\/\/www.cetasmuhendislik.com\/#organization\",\"name\":\"\u00c7eta\u015f Zemin M\u00fchendislik\",\"url\":\"https:\/\/www.cetasmuhendislik.com\/\",\"logo\":{\"@type\":\"ImageObject\",\"inLanguage\":\"tr\",\"@id\":\"https:\/\/www.cetasmuhendislik.com\/#\/schema\/logo\/image\/\",\"url\":\"https:\/\/www.cetasmuhendislik.com\/wp-content\/uploads\/2024\/08\/cetas-logo-mini-6.png\",\"contentUrl\":\"https:\/\/www.cetasmuhendislik.com\/wp-content\/uploads\/2024\/08\/cetas-logo-mini-6.png\",\"width\":296,\"height\":87,\"caption\":\"\u00c7eta\u015f Zemin M\u00fchendislik\"},\"image\":{\"@id\":\"https:\/\/www.cetasmuhendislik.com\/#\/schema\/logo\/image\/\"}}]}<\/script>\n<!-- \/ Yoast SEO plugin. -->","yoast_head_json":{"title":"\u0130nsan Kaynaklar\u0131 - \u00c7eta\u015f Zemin M\u00fchendislik","robots":{"index":"index","follow":"follow","max-snippet":"max-snippet:-1","max-image-preview":"max-image-preview:large","max-video-preview":"max-video-preview:-1"},"canonical":"https:\/\/www.cetasmuhendislik.com\/index.php\/insan-kaynaklari\/","og_locale":"tr_TR","og_type":"article","og_title":"\u0130nsan Kaynaklar\u0131 - \u00c7eta\u015f Zemin M\u00fchendislik","og_description":"\u00c7eta\u015f Zemin M\u00fchendislik \u00e7al\u0131\u015fma arkada\u015flar\u0131n\u0131 ar\u0131yor ! Deneyimli tak\u0131m arkada\u015flar\u0131; \u00e7al\u0131\u015fma prensibine sahip, zemin m\u00fchendisli\u011fine g\u00f6n\u00fcl vermi\u015f adaylara sundu\u011fumuz i\u015f f\u0131rsatlar\u0131 i\u00e7in \u00c7eta\u015f sizi bekliyor ! Yapman\u0131z gereken A\u015fa\u011f\u0131daki formu ...","og_url":"https:\/\/www.cetasmuhendislik.com\/index.php\/insan-kaynaklari\/","og_site_name":"\u00c7eta\u015f Zemin M\u00fchendislik","article_modified_time":"2024-09-14T12:04:23+00:00","twitter_card":"summary_large_image","schema":{"@context":"https:\/\/schema.org","@graph":[{"@type":"WebPage","@id":"https:\/\/www.cetasmuhendislik.com\/index.php\/insan-kaynaklari\/","url":"https:\/\/www.cetasmuhendislik.com\/index.php\/insan-kaynaklari\/","name":"\u0130nsan Kaynaklar\u0131 - \u00c7eta\u015f Zemin M\u00fchendislik","isPartOf":{"@id":"https:\/\/www.cetasmuhendislik.com\/#website"},"datePublished":"2024-09-01T09:56:25+00:00","dateModified":"2024-09-14T12:04:23+00:00","breadcrumb":{"@id":"https:\/\/www.cetasmuhendislik.com\/index.php\/insan-kaynaklari\/#breadcrumb"},"inLanguage":"tr","potentialAction":[{"@type":"ReadAction","target":["https:\/\/www.cetasmuhendislik.com\/index.php\/insan-kaynaklari\/"]}]},{"@type":"BreadcrumbList","@id":"https:\/\/www.cetasmuhendislik.com\/index.php\/insan-kaynaklari\/#breadcrumb","itemListElement":[{"@type":"ListItem","position":1,"name":"Anasayfa","item":"https:\/\/www.cetasmuhendislik.com\/"},{"@type":"ListItem","position":2,"name":"\u0130nsan Kaynaklar\u0131"}]},{"@type":"WebSite","@id":"https:\/\/www.cetasmuhendislik.com\/#website","url":"https:\/\/www.cetasmuhendislik.com\/","name":"\u00c7eta\u015f Zemin M\u00fchendislik","description":"","publisher":{"@id":"https:\/\/www.cetasmuhendislik.com\/#organization"},"potentialAction":[{"@type":"SearchAction","target":{"@type":"EntryPoint","urlTemplate":"https:\/\/www.cetasmuhendislik.com\/?s={search_term_string}"},"query-input":{"@type":"PropertyValueSpecification","valueRequired":true,"valueName":"search_term_string"}}],"inLanguage":"tr"},{"@type":"Organization","@id":"https:\/\/www.cetasmuhendislik.com\/#organization","name":"\u00c7eta\u015f Zemin M\u00fchendislik","url":"https:\/\/www.cetasmuhendislik.com\/","logo":{"@type":"ImageObject","inLanguage":"tr","@id":"https:\/\/www.cetasmuhendislik.com\/#\/schema\/logo\/image\/","url":"https:\/\/www.cetasmuhendislik.com\/wp-content\/uploads\/2024\/08\/cetas-logo-mini-6.png","contentUrl":"https:\/\/www.cetasmuhendislik.com\/wp-content\/uploads\/2024\/08\/cetas-logo-mini-6.png","width":296,"height":87,"caption":"\u00c7eta\u015f Zemin M\u00fchendislik"},"image":{"@id":"https:\/\/www.cetasmuhendislik.com\/#\/schema\/logo\/image\/"}}]}},"_links":{"self":[{"href":"https:\/\/www.cetasmuhendislik.com\/index.php\/wp-json\/wp\/v2\/pages\/1570","targetHints":{"allow":["GET"]}}],"collection":[{"href":"https:\/\/www.cetasmuhendislik.com\/index.php\/wp-json\/wp\/v2\/pages"}],"about":[{"href":"https:\/\/www.cetasmuhendislik.com\/index.php\/wp-json\/wp\/v2\/types\/page"}],"author":[{"embeddable":true,"href":"https:\/\/www.cetasmuhendislik.com\/index.php\/wp-json\/wp\/v2\/users\/1"}],"replies":[{"embeddable":true,"href":"https:\/\/www.cetasmuhendislik.com\/index.php\/wp-json\/wp\/v2\/comments?post=1570"}],"version-history":[{"count":11,"href":"https:\/\/www.cetasmuhendislik.com\/index.php\/wp-json\/wp\/v2\/pages\/1570\/revisions"}],"predecessor-version":[{"id":1991,"href":"https:\/\/www.cetasmuhendislik.com\/index.php\/wp-json\/wp\/v2\/pages\/1570\/revisions\/1991"}],"wp:attachment":[{"href":"https:\/\/www.cetasmuhendislik.com\/index.php\/wp-json\/wp\/v2\/media?parent=1570"}],"curies":[{"name":"wp","href":"https:\/\/api.w.org\/{rel}","templated":true}]}}