{"id":1649,"date":"2024-09-03T14:30:18","date_gmt":"2024-09-03T11:30:18","guid":{"rendered":"https:\/\/www.cetasmuhendislik.com\/?page_id=1649"},"modified":"2024-10-09T08:53:54","modified_gmt":"2024-10-09T05:53:54","slug":"fore-kazik-zemin-uygulama-zemin-muhendislik-insaat-proje-kopru","status":"publish","type":"page","link":"https:\/\/www.cetasmuhendislik.com\/index.php\/fore-kazik-zemin-uygulama-zemin-muhendislik-insaat-proje-kopru\/","title":{"rendered":"Fore Kaz\u0131k"},"content":{"rendered":"<div id=\"pl-1649\"  class=\"panel-layout\" ><div id=\"pg-1649-0\"  class=\"panel-grid panel-no-style\" ><div id=\"pgc-1649-0-0\"  class=\"panel-grid-cell\" ><div id=\"panel-1649-0-0-0\" class=\"so-panel widget widget_text panel-first-child\" data-index=\"0\" >\t\t\t<div class=\"textwidget\"><h2 class=\"\" data-sourcepos=\"1:1-1:36\">Fore Kaz\u0131k Nedir ve Ne \u0130\u015fe Yarar?<\/h2>\n<p data-sourcepos=\"3:1-3:62\"><strong>Fore kaz\u0131k<\/strong>, zemin yap\u0131s\u0131n\u0131n zay\u0131f oldu\u011fu durumlarda in\u015faat y\u00fcklerini sa\u011flam zemine aktarmak amac\u0131yla kullan\u0131lan bir temel sistemidir. Teknik olarak, zemine dairesel kesitli bir delik a\u00e7\u0131larak i\u00e7ine donat\u0131 yerle\u015ftirilmesi ve bu bo\u015flu\u011fun betonla doldurulmas\u0131 i\u015flemidir. Olu\u015fan bu silindir \u015feklindeki yap\u0131, binan\u0131n y\u00fck\u00fcn\u00fc ta\u015f\u0131yan bir s\u00fctun g\u00f6revi g\u00f6r\u00fcr.<\/p>\n<h3 class=\"\" data-sourcepos=\"5:1-5:40\">Fore Kaz\u0131k Uygulamas\u0131n\u0131n Avantajlar\u0131<\/h3>\n<ul data-sourcepos=\"7:1-7:9\">\n<li data-sourcepos=\"7:1-7:9\"><strong>Zay\u0131f Zeminlerde G\u00fcvenli Temel:<\/strong> Zemin et\u00fcd\u00fc sonucu zemin yap\u0131s\u0131n\u0131n ta\u015f\u0131ma kapasitesinin d\u00fc\u015f\u00fck oldu\u011fu durumlarda, fore kaz\u0131klar yap\u0131ya g\u00fcvenli bir temel sa\u011flar.<\/li>\n<li data-sourcepos=\"8:1-8:131\"><strong>\u00c7evre Dostu:<\/strong> Fore kaz\u0131k uygulamas\u0131 s\u0131ras\u0131nda \u00e7evreye daha az zarar verildi\u011fi i\u00e7in \u00e7evre dostu bir y\u00f6ntem olarak kabul edilir.<\/li>\n<li data-sourcepos=\"9:1-9:107\"><strong>H\u0131zl\u0131 ve Pratik Uygulama:<\/strong> Di\u011fer temel sistemlerine g\u00f6re daha h\u0131zl\u0131 ve pratik bir uygulama y\u00f6ntemidir.<\/li>\n<li data-sourcepos=\"10:1-10:79\"><strong>Y\u00fcksek Y\u00fck Ta\u015f\u0131ma Kapasitesi:<\/strong> Fore kaz\u0131klar, y\u00fcksek y\u00fckleri ta\u015f\u0131yabilecek kapasitededir.<\/li>\n<li data-sourcepos=\"11:1-12:0\"><strong>Deprem G\u00fcvenli\u011fi:<\/strong> Deprem an\u0131nda binan\u0131n hasar g\u00f6rmesini \u00f6nlemeye yard\u0131mc\u0131 olur.<\/li>\n<\/ul>\n<\/div>\n\t\t<\/div><div id=\"panel-1649-0-0-1\" class=\"so-panel widget widget_media_image\" data-index=\"1\" ><img loading=\"lazy\" decoding=\"async\" width=\"1024\" height=\"768\" src=\"https:\/\/www.cetasmuhendislik.com\/wp-content\/uploads\/2024\/09\/fore-kazik.png\" class=\"image wp-image-1646  attachment-full size-full\" alt=\"\" style=\"max-width: 100%; height: auto;\" srcset=\"https:\/\/www.cetasmuhendislik.com\/wp-content\/uploads\/2024\/09\/fore-kazik.png 1024w, https:\/\/www.cetasmuhendislik.com\/wp-content\/uploads\/2024\/09\/fore-kazik-300x225.png 300w, https:\/\/www.cetasmuhendislik.com\/wp-content\/uploads\/2024\/09\/fore-kazik-768x576.png 768w, https:\/\/www.cetasmuhendislik.com\/wp-content\/uploads\/2024\/09\/fore-kazik-600x450.png 600w\" sizes=\"auto, (max-width: 1024px) 100vw, 1024px\" \/><\/div><div id=\"panel-1649-0-0-2\" class=\"so-panel widget widget_text panel-last-child\" data-index=\"2\" >\t\t\t<div class=\"textwidget\"><h3 class=\"\" data-sourcepos=\"13:1-13:32\">Fore Kaz\u0131k Uygulama Alanlar\u0131<\/h3>\n<p data-sourcepos=\"15:1-15:69\">Fore kaz\u0131k uygulamas\u0131, \u00f6zellikle \u015fu alanlarda s\u0131kl\u0131kla tercih edilir:<\/p>\n<ul data-sourcepos=\"17:1-19:38\">\n<li data-sourcepos=\"17:1-17:115\"><strong>Y\u00fcksek binalar:<\/strong> G\u00f6klere y\u00fckselen binalar\u0131n sa\u011flam temeller \u00fczerinde y\u00fckselmesi i\u00e7in fore kaz\u0131klar kullan\u0131l\u0131r.<\/li>\n<li data-sourcepos=\"18:1-18:88\"><strong>K\u00f6pr\u00fcler:<\/strong> B\u00fcy\u00fck y\u00fckleri ta\u015f\u0131yan k\u00f6pr\u00fclerin yap\u0131m\u0131nda fore kaz\u0131klar vazge\u00e7ilmezdir.<\/li>\n<li data-sourcepos=\"19:1-19:38\"><strong>Viyad\u00fckler:<\/strong> Y\u00fckseklik farklar\u0131n\u0131 a\u015fmak i\u00e7in yap\u0131lan viyad\u00fcklerin temel sistemlerinde fore kaz\u0131klar kullan\u0131l\u0131r.<\/li>\n<li data-sourcepos=\"20:1-21:0\"><strong>Barajlar:<\/strong> Suyun olu\u015fturdu\u011fu b\u00fcy\u00fck bas\u0131nc\u0131 kar\u015f\u0131lamak i\u00e7in barajlar\u0131n temel sistemlerinde fore kaz\u0131klar tercih edilir.<\/li>\n<\/ul>\n<h3 class=\"\" data-sourcepos=\"22:1-22:38\">Fore Kaz\u0131k Uygulamas\u0131n\u0131n A\u015famalar\u0131<\/h3>\n<ol data-sourcepos=\"24:1-26:30\">\n<li data-sourcepos=\"24:1-24:103\"><strong>Zemin Et\u00fcd\u00fc:<\/strong> Yap\u0131lacak olan in\u015faat\u0131n zemin \u00f6zelliklerinin belirlenmesi i\u00e7in zemin et\u00fcd\u00fc yap\u0131l\u0131r.<\/li>\n<li data-sourcepos=\"25:1-25:91\"><strong>Delme \u0130\u015flemi:<\/strong> Zemin \u00fczerinde belirlenen noktalarda dairesel kesitli delikler a\u00e7\u0131l\u0131r.<\/li>\n<li data-sourcepos=\"26:1-26:30\"><strong>Donat\u0131 Yerle\u015ftirilmesi:<\/strong> A\u00e7\u0131lan deliklere \u00e7elik donat\u0131 yerle\u015ftirilir.<\/li>\n<li data-sourcepos=\"27:1-28:0\"><strong>Beton D\u00f6k\u00fcm\u00fc:<\/strong> Donat\u0131lar\u0131n \u00fczerine beton d\u00f6k\u00fclerek kaz\u0131k olu\u015fturulur.<\/li>\n<\/ol>\n<\/div>\n\t\t<\/div><\/div><\/div><\/div>","protected":false},"excerpt":{"rendered":"<p>Fore Kaz\u0131k Nedir ve Ne \u0130\u015fe Yarar? Fore kaz\u0131k, zemin yap\u0131s\u0131n\u0131n zay\u0131f oldu\u011fu durumlarda in\u015faat y\u00fcklerini sa\u011flam zemine aktarmak amac\u0131yla kullan\u0131lan bir temel sistemidir. Teknik olarak, zemine dairesel kesitli bir &#8230;<\/p>\n","protected":false},"author":1,"featured_media":1958,"parent":0,"menu_order":0,"comment_status":"closed","ping_status":"closed","template":"","meta":{"footnotes":""},"class_list":["post-1649","page","type-page","status-publish","has-post-thumbnail","hentry"],"yoast_head":"<!-- This site is optimized with the Yoast SEO plugin v23.4 - https:\/\/yoast.com\/wordpress\/plugins\/seo\/ -->\n<title>Fore Kaz\u0131k<\/title>\n<meta name=\"description\" content=\"Fore kaz\u0131k, in\u015faat sekt\u00f6r\u00fcnde s\u0131k\u00e7a kullan\u0131lan ve zeminlerin ta\u015f\u0131ma kapasitesini art\u0131rmaya y\u00f6nelik bir zemin iyile\u015ftirme y\u00f6ntemidir.\" \/>\n<meta name=\"robots\" content=\"index, follow, max-snippet:-1, max-image-preview:large, max-video-preview:-1\" \/>\n<link rel=\"canonical\" href=\"https:\/\/www.cetasmuhendislik.com\/index.php\/fore-kazik-zemin-uygulama-zemin-muhendislik-insaat-proje-kopru\/\" \/>\n<meta property=\"og:locale\" content=\"tr_TR\" \/>\n<meta property=\"og:type\" content=\"article\" \/>\n<meta property=\"og:title\" content=\"Fore Kaz\u0131k\" \/>\n<meta property=\"og:description\" content=\"Fore kaz\u0131k, in\u015faat sekt\u00f6r\u00fcnde s\u0131k\u00e7a kullan\u0131lan ve zeminlerin ta\u015f\u0131ma kapasitesini art\u0131rmaya y\u00f6nelik bir zemin iyile\u015ftirme y\u00f6ntemidir.\" \/>\n<meta property=\"og:url\" content=\"https:\/\/www.cetasmuhendislik.com\/index.php\/fore-kazik-zemin-uygulama-zemin-muhendislik-insaat-proje-kopru\/\" \/>\n<meta property=\"og:site_name\" content=\"\u00c7eta\u015f Zemin M\u00fchendislik\" \/>\n<meta property=\"article:modified_time\" content=\"2024-10-09T05:53:54+00:00\" \/>\n<meta property=\"og:image\" content=\"https:\/\/www.cetasmuhendislik.com\/wp-content\/uploads\/2024\/09\/fore-kazik-uygulama-1.jpeg\" \/>\n\t<meta property=\"og:image:width\" content=\"633\" \/>\n\t<meta property=\"og:image:height\" content=\"844\" \/>\n\t<meta property=\"og:image:type\" content=\"image\/jpeg\" \/>\n<meta name=\"twitter:card\" content=\"summary_large_image\" \/>\n<meta name=\"twitter:label1\" content=\"Tahmini okuma s\u00fcresi\" \/>\n\t<meta name=\"twitter:data1\" content=\"2 dakika\" \/>\n<script type=\"application\/ld+json\" class=\"yoast-schema-graph\">{\"@context\":\"https:\/\/schema.org\",\"@graph\":[{\"@type\":\"WebPage\",\"@id\":\"https:\/\/www.cetasmuhendislik.com\/index.php\/fore-kazik-zemin-uygulama-zemin-muhendislik-insaat-proje-kopru\/\",\"url\":\"https:\/\/www.cetasmuhendislik.com\/index.php\/fore-kazik-zemin-uygulama-zemin-muhendislik-insaat-proje-kopru\/\",\"name\":\"Fore Kaz\u0131k\",\"isPartOf\":{\"@id\":\"https:\/\/www.cetasmuhendislik.com\/#website\"},\"primaryImageOfPage\":{\"@id\":\"https:\/\/www.cetasmuhendislik.com\/index.php\/fore-kazik-zemin-uygulama-zemin-muhendislik-insaat-proje-kopru\/#primaryimage\"},\"image\":{\"@id\":\"https:\/\/www.cetasmuhendislik.com\/index.php\/fore-kazik-zemin-uygulama-zemin-muhendislik-insaat-proje-kopru\/#primaryimage\"},\"thumbnailUrl\":\"https:\/\/www.cetasmuhendislik.com\/wp-content\/uploads\/2024\/09\/fore-kazik-uygulama-1.jpeg\",\"datePublished\":\"2024-09-03T11:30:18+00:00\",\"dateModified\":\"2024-10-09T05:53:54+00:00\",\"description\":\"Fore kaz\u0131k, in\u015faat sekt\u00f6r\u00fcnde s\u0131k\u00e7a kullan\u0131lan ve zeminlerin ta\u015f\u0131ma kapasitesini art\u0131rmaya y\u00f6nelik bir zemin iyile\u015ftirme y\u00f6ntemidir.\",\"breadcrumb\":{\"@id\":\"https:\/\/www.cetasmuhendislik.com\/index.php\/fore-kazik-zemin-uygulama-zemin-muhendislik-insaat-proje-kopru\/#breadcrumb\"},\"inLanguage\":\"tr\",\"potentialAction\":[{\"@type\":\"ReadAction\",\"target\":[\"https:\/\/www.cetasmuhendislik.com\/index.php\/fore-kazik-zemin-uygulama-zemin-muhendislik-insaat-proje-kopru\/\"]}]},{\"@type\":\"ImageObject\",\"inLanguage\":\"tr\",\"@id\":\"https:\/\/www.cetasmuhendislik.com\/index.php\/fore-kazik-zemin-uygulama-zemin-muhendislik-insaat-proje-kopru\/#primaryimage\",\"url\":\"https:\/\/www.cetasmuhendislik.com\/wp-content\/uploads\/2024\/09\/fore-kazik-uygulama-1.jpeg\",\"contentUrl\":\"https:\/\/www.cetasmuhendislik.com\/wp-content\/uploads\/2024\/09\/fore-kazik-uygulama-1.jpeg\",\"width\":633,\"height\":844},{\"@type\":\"BreadcrumbList\",\"@id\":\"https:\/\/www.cetasmuhendislik.com\/index.php\/fore-kazik-zemin-uygulama-zemin-muhendislik-insaat-proje-kopru\/#breadcrumb\",\"itemListElement\":[{\"@type\":\"ListItem\",\"position\":1,\"name\":\"Anasayfa\",\"item\":\"https:\/\/www.cetasmuhendislik.com\/\"},{\"@type\":\"ListItem\",\"position\":2,\"name\":\"Fore Kaz\u0131k\"}]},{\"@type\":\"WebSite\",\"@id\":\"https:\/\/www.cetasmuhendislik.com\/#website\",\"url\":\"https:\/\/www.cetasmuhendislik.com\/\",\"name\":\"\u00c7eta\u015f Zemin M\u00fchendislik\",\"description\":\"\",\"publisher\":{\"@id\":\"https:\/\/www.cetasmuhendislik.com\/#organization\"},\"potentialAction\":[{\"@type\":\"SearchAction\",\"target\":{\"@type\":\"EntryPoint\",\"urlTemplate\":\"https:\/\/www.cetasmuhendislik.com\/?s={search_term_string}\"},\"query-input\":{\"@type\":\"PropertyValueSpecification\",\"valueRequired\":true,\"valueName\":\"search_term_string\"}}],\"inLanguage\":\"tr\"},{\"@type\":\"Organization\",\"@id\":\"https:\/\/www.cetasmuhendislik.com\/#organization\",\"name\":\"\u00c7eta\u015f Zemin M\u00fchendislik\",\"url\":\"https:\/\/www.cetasmuhendislik.com\/\",\"logo\":{\"@type\":\"ImageObject\",\"inLanguage\":\"tr\",\"@id\":\"https:\/\/www.cetasmuhendislik.com\/#\/schema\/logo\/image\/\",\"url\":\"https:\/\/www.cetasmuhendislik.com\/wp-content\/uploads\/2024\/08\/cetas-logo-mini-6.png\",\"contentUrl\":\"https:\/\/www.cetasmuhendislik.com\/wp-content\/uploads\/2024\/08\/cetas-logo-mini-6.png\",\"width\":296,\"height\":87,\"caption\":\"\u00c7eta\u015f Zemin M\u00fchendislik\"},\"image\":{\"@id\":\"https:\/\/www.cetasmuhendislik.com\/#\/schema\/logo\/image\/\"}}]}<\/script>\n<!-- \/ Yoast SEO plugin. -->","yoast_head_json":{"title":"Fore Kaz\u0131k","description":"Fore kaz\u0131k, in\u015faat sekt\u00f6r\u00fcnde s\u0131k\u00e7a kullan\u0131lan ve zeminlerin ta\u015f\u0131ma kapasitesini art\u0131rmaya y\u00f6nelik bir zemin iyile\u015ftirme y\u00f6ntemidir.","robots":{"index":"index","follow":"follow","max-snippet":"max-snippet:-1","max-image-preview":"max-image-preview:large","max-video-preview":"max-video-preview:-1"},"canonical":"https:\/\/www.cetasmuhendislik.com\/index.php\/fore-kazik-zemin-uygulama-zemin-muhendislik-insaat-proje-kopru\/","og_locale":"tr_TR","og_type":"article","og_title":"Fore Kaz\u0131k","og_description":"Fore kaz\u0131k, in\u015faat sekt\u00f6r\u00fcnde s\u0131k\u00e7a kullan\u0131lan ve zeminlerin ta\u015f\u0131ma kapasitesini art\u0131rmaya y\u00f6nelik bir zemin iyile\u015ftirme y\u00f6ntemidir.","og_url":"https:\/\/www.cetasmuhendislik.com\/index.php\/fore-kazik-zemin-uygulama-zemin-muhendislik-insaat-proje-kopru\/","og_site_name":"\u00c7eta\u015f Zemin M\u00fchendislik","article_modified_time":"2024-10-09T05:53:54+00:00","og_image":[{"width":633,"height":844,"url":"https:\/\/www.cetasmuhendislik.com\/wp-content\/uploads\/2024\/09\/fore-kazik-uygulama-1.jpeg","type":"image\/jpeg"}],"twitter_card":"summary_large_image","twitter_misc":{"Tahmini okuma s\u00fcresi":"2 dakika"},"schema":{"@context":"https:\/\/schema.org","@graph":[{"@type":"WebPage","@id":"https:\/\/www.cetasmuhendislik.com\/index.php\/fore-kazik-zemin-uygulama-zemin-muhendislik-insaat-proje-kopru\/","url":"https:\/\/www.cetasmuhendislik.com\/index.php\/fore-kazik-zemin-uygulama-zemin-muhendislik-insaat-proje-kopru\/","name":"Fore Kaz\u0131k","isPartOf":{"@id":"https:\/\/www.cetasmuhendislik.com\/#website"},"primaryImageOfPage":{"@id":"https:\/\/www.cetasmuhendislik.com\/index.php\/fore-kazik-zemin-uygulama-zemin-muhendislik-insaat-proje-kopru\/#primaryimage"},"image":{"@id":"https:\/\/www.cetasmuhendislik.com\/index.php\/fore-kazik-zemin-uygulama-zemin-muhendislik-insaat-proje-kopru\/#primaryimage"},"thumbnailUrl":"https:\/\/www.cetasmuhendislik.com\/wp-content\/uploads\/2024\/09\/fore-kazik-uygulama-1.jpeg","datePublished":"2024-09-03T11:30:18+00:00","dateModified":"2024-10-09T05:53:54+00:00","description":"Fore kaz\u0131k, in\u015faat sekt\u00f6r\u00fcnde s\u0131k\u00e7a kullan\u0131lan ve zeminlerin ta\u015f\u0131ma kapasitesini art\u0131rmaya y\u00f6nelik bir zemin iyile\u015ftirme y\u00f6ntemidir.","breadcrumb":{"@id":"https:\/\/www.cetasmuhendislik.com\/index.php\/fore-kazik-zemin-uygulama-zemin-muhendislik-insaat-proje-kopru\/#breadcrumb"},"inLanguage":"tr","potentialAction":[{"@type":"ReadAction","target":["https:\/\/www.cetasmuhendislik.com\/index.php\/fore-kazik-zemin-uygulama-zemin-muhendislik-insaat-proje-kopru\/"]}]},{"@type":"ImageObject","inLanguage":"tr","@id":"https:\/\/www.cetasmuhendislik.com\/index.php\/fore-kazik-zemin-uygulama-zemin-muhendislik-insaat-proje-kopru\/#primaryimage","url":"https:\/\/www.cetasmuhendislik.com\/wp-content\/uploads\/2024\/09\/fore-kazik-uygulama-1.jpeg","contentUrl":"https:\/\/www.cetasmuhendislik.com\/wp-content\/uploads\/2024\/09\/fore-kazik-uygulama-1.jpeg","width":633,"height":844},{"@type":"BreadcrumbList","@id":"https:\/\/www.cetasmuhendislik.com\/index.php\/fore-kazik-zemin-uygulama-zemin-muhendislik-insaat-proje-kopru\/#breadcrumb","itemListElement":[{"@type":"ListItem","position":1,"name":"Anasayfa","item":"https:\/\/www.cetasmuhendislik.com\/"},{"@type":"ListItem","position":2,"name":"Fore Kaz\u0131k"}]},{"@type":"WebSite","@id":"https:\/\/www.cetasmuhendislik.com\/#website","url":"https:\/\/www.cetasmuhendislik.com\/","name":"\u00c7eta\u015f Zemin M\u00fchendislik","description":"","publisher":{"@id":"https:\/\/www.cetasmuhendislik.com\/#organization"},"potentialAction":[{"@type":"SearchAction","target":{"@type":"EntryPoint","urlTemplate":"https:\/\/www.cetasmuhendislik.com\/?s={search_term_string}"},"query-input":{"@type":"PropertyValueSpecification","valueRequired":true,"valueName":"search_term_string"}}],"inLanguage":"tr"},{"@type":"Organization","@id":"https:\/\/www.cetasmuhendislik.com\/#organization","name":"\u00c7eta\u015f Zemin M\u00fchendislik","url":"https:\/\/www.cetasmuhendislik.com\/","logo":{"@type":"ImageObject","inLanguage":"tr","@id":"https:\/\/www.cetasmuhendislik.com\/#\/schema\/logo\/image\/","url":"https:\/\/www.cetasmuhendislik.com\/wp-content\/uploads\/2024\/08\/cetas-logo-mini-6.png","contentUrl":"https:\/\/www.cetasmuhendislik.com\/wp-content\/uploads\/2024\/08\/cetas-logo-mini-6.png","width":296,"height":87,"caption":"\u00c7eta\u015f Zemin M\u00fchendislik"},"image":{"@id":"https:\/\/www.cetasmuhendislik.com\/#\/schema\/logo\/image\/"}}]}},"_links":{"self":[{"href":"https:\/\/www.cetasmuhendislik.com\/index.php\/wp-json\/wp\/v2\/pages\/1649","targetHints":{"allow":["GET"]}}],"collection":[{"href":"https:\/\/www.cetasmuhendislik.com\/index.php\/wp-json\/wp\/v2\/pages"}],"about":[{"href":"https:\/\/www.cetasmuhendislik.com\/index.php\/wp-json\/wp\/v2\/types\/page"}],"author":[{"embeddable":true,"href":"https:\/\/www.cetasmuhendislik.com\/index.php\/wp-json\/wp\/v2\/users\/1"}],"replies":[{"embeddable":true,"href":"https:\/\/www.cetasmuhendislik.com\/index.php\/wp-json\/wp\/v2\/comments?post=1649"}],"version-history":[{"count":11,"href":"https:\/\/www.cetasmuhendislik.com\/index.php\/wp-json\/wp\/v2\/pages\/1649\/revisions"}],"predecessor-version":[{"id":2130,"href":"https:\/\/www.cetasmuhendislik.com\/index.php\/wp-json\/wp\/v2\/pages\/1649\/revisions\/2130"}],"wp:featuredmedia":[{"embeddable":true,"href":"https:\/\/www.cetasmuhendislik.com\/index.php\/wp-json\/wp\/v2\/media\/1958"}],"wp:attachment":[{"href":"https:\/\/www.cetasmuhendislik.com\/index.php\/wp-json\/wp\/v2\/media?parent=1649"}],"curies":[{"name":"wp","href":"https:\/\/api.w.org\/{rel}","templated":true}]}}