{"id":1715,"date":"2024-09-11T08:46:15","date_gmt":"2024-09-11T05:46:15","guid":{"rendered":"https:\/\/www.cetasmuhendislik.com\/?page_id=1715"},"modified":"2024-09-11T18:05:24","modified_gmt":"2024-09-11T15:05:24","slug":"vizyonumuz","status":"publish","type":"page","link":"https:\/\/www.cetasmuhendislik.com\/index.php\/vizyonumuz\/","title":{"rendered":"Vizyonumuz"},"content":{"rendered":"\n<div class=\"wp-block-group\"><div class=\"wp-block-group__inner-container is-layout-constrained wp-block-group-is-layout-constrained\">\n<p class=\"has-medium-font-size\">Yetkin \u00c7al\u0131\u015fanlar\u0131m\u0131z ile<\/p>\n\n\n\n<p class=\"has-medium-font-size\">Zorlu Geoteknik Projelerini,<\/p>\n\n\n\n<p class=\"has-medium-font-size\">En \u0130yi ve Tercih Edilen, Yenilik\u00e7i, Minimum Maliyet ile<\/p>\n\n\n\n<p class=\"has-medium-font-size\">Makul \u00c7\u00f6z\u00fcmler \u00dcreten<\/p>\n\n\n\n<p class=\"has-medium-font-size\">M\u00fchendislik Dahil \u00c7\u00f6z\u00fcm Orta\u011f\u0131 Olmakt\u0131r.<\/p>\n\n\n\n<p class=\"has-medium-font-size\">Yenilik\u00e7i, Minimum Maliyet ile Makul \u00c7\u00f6z\u00fcmler \u00dcretmek<\/p>\n\n\n\n<p><\/p>\n\n\n\n<p>&nbsp;<\/p>\n\n\n\n<p>&nbsp;<\/p>\n<\/div><\/div>\n\n\n\n<p><\/p>\n","protected":false},"excerpt":{"rendered":"<p>Yetkin \u00c7al\u0131\u015fanlar\u0131m\u0131z ile Zorlu Geoteknik Projelerini, En \u0130yi ve Tercih Edilen, Yenilik\u00e7i, Minimum Maliyet ile Makul \u00c7\u00f6z\u00fcmler \u00dcreten M\u00fchendislik Dahil \u00c7\u00f6z\u00fcm Orta\u011f\u0131 Olmakt\u0131r. Yenilik\u00e7i, Minimum Maliyet ile Makul \u00c7\u00f6z\u00fcmler \u00dcretmek &#8230;<\/p>\n","protected":false},"author":1,"featured_media":0,"parent":0,"menu_order":0,"comment_status":"closed","ping_status":"closed","template":"","meta":{"footnotes":""},"class_list":["post-1715","page","type-page","status-publish","hentry"],"yoast_head":"<!-- This site is optimized with the Yoast SEO plugin v23.4 - https:\/\/yoast.com\/wordpress\/plugins\/seo\/ -->\n<title>Vizyonumuz - \u00c7eta\u015f Zemin M\u00fchendislik<\/title>\n<meta name=\"robots\" content=\"index, follow, max-snippet:-1, max-image-preview:large, max-video-preview:-1\" \/>\n<link rel=\"canonical\" href=\"https:\/\/www.cetasmuhendislik.com\/index.php\/vizyonumuz\/\" \/>\n<meta property=\"og:locale\" content=\"tr_TR\" \/>\n<meta property=\"og:type\" content=\"article\" \/>\n<meta property=\"og:title\" content=\"Vizyonumuz - \u00c7eta\u015f Zemin M\u00fchendislik\" \/>\n<meta property=\"og:description\" content=\"Yetkin \u00c7al\u0131\u015fanlar\u0131m\u0131z ile Zorlu Geoteknik Projelerini, En \u0130yi ve Tercih Edilen, Yenilik\u00e7i, Minimum Maliyet ile Makul \u00c7\u00f6z\u00fcmler \u00dcreten M\u00fchendislik Dahil \u00c7\u00f6z\u00fcm Orta\u011f\u0131 Olmakt\u0131r. Yenilik\u00e7i, Minimum Maliyet ile Makul \u00c7\u00f6z\u00fcmler \u00dcretmek ...\" \/>\n<meta property=\"og:url\" content=\"https:\/\/www.cetasmuhendislik.com\/index.php\/vizyonumuz\/\" \/>\n<meta property=\"og:site_name\" content=\"\u00c7eta\u015f Zemin M\u00fchendislik\" \/>\n<meta property=\"article:modified_time\" content=\"2024-09-11T15:05:24+00:00\" \/>\n<meta name=\"twitter:card\" content=\"summary_large_image\" \/>\n<script type=\"application\/ld+json\" class=\"yoast-schema-graph\">{\"@context\":\"https:\/\/schema.org\",\"@graph\":[{\"@type\":\"WebPage\",\"@id\":\"https:\/\/www.cetasmuhendislik.com\/index.php\/vizyonumuz\/\",\"url\":\"https:\/\/www.cetasmuhendislik.com\/index.php\/vizyonumuz\/\",\"name\":\"Vizyonumuz - \u00c7eta\u015f Zemin M\u00fchendislik\",\"isPartOf\":{\"@id\":\"https:\/\/www.cetasmuhendislik.com\/#website\"},\"datePublished\":\"2024-09-11T05:46:15+00:00\",\"dateModified\":\"2024-09-11T15:05:24+00:00\",\"breadcrumb\":{\"@id\":\"https:\/\/www.cetasmuhendislik.com\/index.php\/vizyonumuz\/#breadcrumb\"},\"inLanguage\":\"tr\",\"potentialAction\":[{\"@type\":\"ReadAction\",\"target\":[\"https:\/\/www.cetasmuhendislik.com\/index.php\/vizyonumuz\/\"]}]},{\"@type\":\"BreadcrumbList\",\"@id\":\"https:\/\/www.cetasmuhendislik.com\/index.php\/vizyonumuz\/#breadcrumb\",\"itemListElement\":[{\"@type\":\"ListItem\",\"position\":1,\"name\":\"Anasayfa\",\"item\":\"https:\/\/www.cetasmuhendislik.com\/\"},{\"@type\":\"ListItem\",\"position\":2,\"name\":\"Vizyonumuz\"}]},{\"@type\":\"WebSite\",\"@id\":\"https:\/\/www.cetasmuhendislik.com\/#website\",\"url\":\"https:\/\/www.cetasmuhendislik.com\/\",\"name\":\"\u00c7eta\u015f Zemin M\u00fchendislik\",\"description\":\"\",\"publisher\":{\"@id\":\"https:\/\/www.cetasmuhendislik.com\/#organization\"},\"potentialAction\":[{\"@type\":\"SearchAction\",\"target\":{\"@type\":\"EntryPoint\",\"urlTemplate\":\"https:\/\/www.cetasmuhendislik.com\/?s={search_term_string}\"},\"query-input\":{\"@type\":\"PropertyValueSpecification\",\"valueRequired\":true,\"valueName\":\"search_term_string\"}}],\"inLanguage\":\"tr\"},{\"@type\":\"Organization\",\"@id\":\"https:\/\/www.cetasmuhendislik.com\/#organization\",\"name\":\"\u00c7eta\u015f Zemin M\u00fchendislik\",\"url\":\"https:\/\/www.cetasmuhendislik.com\/\",\"logo\":{\"@type\":\"ImageObject\",\"inLanguage\":\"tr\",\"@id\":\"https:\/\/www.cetasmuhendislik.com\/#\/schema\/logo\/image\/\",\"url\":\"https:\/\/www.cetasmuhendislik.com\/wp-content\/uploads\/2024\/08\/cetas-logo-mini-6.png\",\"contentUrl\":\"https:\/\/www.cetasmuhendislik.com\/wp-content\/uploads\/2024\/08\/cetas-logo-mini-6.png\",\"width\":296,\"height\":87,\"caption\":\"\u00c7eta\u015f Zemin M\u00fchendislik\"},\"image\":{\"@id\":\"https:\/\/www.cetasmuhendislik.com\/#\/schema\/logo\/image\/\"}}]}<\/script>\n<!-- \/ Yoast SEO plugin. -->","yoast_head_json":{"title":"Vizyonumuz - \u00c7eta\u015f Zemin M\u00fchendislik","robots":{"index":"index","follow":"follow","max-snippet":"max-snippet:-1","max-image-preview":"max-image-preview:large","max-video-preview":"max-video-preview:-1"},"canonical":"https:\/\/www.cetasmuhendislik.com\/index.php\/vizyonumuz\/","og_locale":"tr_TR","og_type":"article","og_title":"Vizyonumuz - \u00c7eta\u015f Zemin M\u00fchendislik","og_description":"Yetkin \u00c7al\u0131\u015fanlar\u0131m\u0131z ile Zorlu Geoteknik Projelerini, En \u0130yi ve Tercih Edilen, Yenilik\u00e7i, Minimum Maliyet ile Makul \u00c7\u00f6z\u00fcmler \u00dcreten M\u00fchendislik Dahil \u00c7\u00f6z\u00fcm Orta\u011f\u0131 Olmakt\u0131r. Yenilik\u00e7i, Minimum Maliyet ile Makul \u00c7\u00f6z\u00fcmler \u00dcretmek ...","og_url":"https:\/\/www.cetasmuhendislik.com\/index.php\/vizyonumuz\/","og_site_name":"\u00c7eta\u015f Zemin M\u00fchendislik","article_modified_time":"2024-09-11T15:05:24+00:00","twitter_card":"summary_large_image","schema":{"@context":"https:\/\/schema.org","@graph":[{"@type":"WebPage","@id":"https:\/\/www.cetasmuhendislik.com\/index.php\/vizyonumuz\/","url":"https:\/\/www.cetasmuhendislik.com\/index.php\/vizyonumuz\/","name":"Vizyonumuz - \u00c7eta\u015f Zemin M\u00fchendislik","isPartOf":{"@id":"https:\/\/www.cetasmuhendislik.com\/#website"},"datePublished":"2024-09-11T05:46:15+00:00","dateModified":"2024-09-11T15:05:24+00:00","breadcrumb":{"@id":"https:\/\/www.cetasmuhendislik.com\/index.php\/vizyonumuz\/#breadcrumb"},"inLanguage":"tr","potentialAction":[{"@type":"ReadAction","target":["https:\/\/www.cetasmuhendislik.com\/index.php\/vizyonumuz\/"]}]},{"@type":"BreadcrumbList","@id":"https:\/\/www.cetasmuhendislik.com\/index.php\/vizyonumuz\/#breadcrumb","itemListElement":[{"@type":"ListItem","position":1,"name":"Anasayfa","item":"https:\/\/www.cetasmuhendislik.com\/"},{"@type":"ListItem","position":2,"name":"Vizyonumuz"}]},{"@type":"WebSite","@id":"https:\/\/www.cetasmuhendislik.com\/#website","url":"https:\/\/www.cetasmuhendislik.com\/","name":"\u00c7eta\u015f Zemin M\u00fchendislik","description":"","publisher":{"@id":"https:\/\/www.cetasmuhendislik.com\/#organization"},"potentialAction":[{"@type":"SearchAction","target":{"@type":"EntryPoint","urlTemplate":"https:\/\/www.cetasmuhendislik.com\/?s={search_term_string}"},"query-input":{"@type":"PropertyValueSpecification","valueRequired":true,"valueName":"search_term_string"}}],"inLanguage":"tr"},{"@type":"Organization","@id":"https:\/\/www.cetasmuhendislik.com\/#organization","name":"\u00c7eta\u015f Zemin M\u00fchendislik","url":"https:\/\/www.cetasmuhendislik.com\/","logo":{"@type":"ImageObject","inLanguage":"tr","@id":"https:\/\/www.cetasmuhendislik.com\/#\/schema\/logo\/image\/","url":"https:\/\/www.cetasmuhendislik.com\/wp-content\/uploads\/2024\/08\/cetas-logo-mini-6.png","contentUrl":"https:\/\/www.cetasmuhendislik.com\/wp-content\/uploads\/2024\/08\/cetas-logo-mini-6.png","width":296,"height":87,"caption":"\u00c7eta\u015f Zemin M\u00fchendislik"},"image":{"@id":"https:\/\/www.cetasmuhendislik.com\/#\/schema\/logo\/image\/"}}]}},"_links":{"self":[{"href":"https:\/\/www.cetasmuhendislik.com\/index.php\/wp-json\/wp\/v2\/pages\/1715","targetHints":{"allow":["GET"]}}],"collection":[{"href":"https:\/\/www.cetasmuhendislik.com\/index.php\/wp-json\/wp\/v2\/pages"}],"about":[{"href":"https:\/\/www.cetasmuhendislik.com\/index.php\/wp-json\/wp\/v2\/types\/page"}],"author":[{"embeddable":true,"href":"https:\/\/www.cetasmuhendislik.com\/index.php\/wp-json\/wp\/v2\/users\/1"}],"replies":[{"embeddable":true,"href":"https:\/\/www.cetasmuhendislik.com\/index.php\/wp-json\/wp\/v2\/comments?post=1715"}],"version-history":[{"count":10,"href":"https:\/\/www.cetasmuhendislik.com\/index.php\/wp-json\/wp\/v2\/pages\/1715\/revisions"}],"predecessor-version":[{"id":1736,"href":"https:\/\/www.cetasmuhendislik.com\/index.php\/wp-json\/wp\/v2\/pages\/1715\/revisions\/1736"}],"wp:attachment":[{"href":"https:\/\/www.cetasmuhendislik.com\/index.php\/wp-json\/wp\/v2\/media?parent=1715"}],"curies":[{"name":"wp","href":"https:\/\/api.w.org\/{rel}","templated":true}]}}