{"id":1788,"date":"2024-09-12T08:57:57","date_gmt":"2024-09-12T05:57:57","guid":{"rendered":"https:\/\/www.cetasmuhendislik.com\/?page_id=1788"},"modified":"2024-09-14T14:09:11","modified_gmt":"2024-09-14T11:09:11","slug":"zemin-civisi","status":"publish","type":"page","link":"https:\/\/www.cetasmuhendislik.com\/index.php\/zemin-civisi\/","title":{"rendered":"Zemin \u00c7ivisi"},"content":{"rendered":"\n<p class=\"has-black-color has-text-color has-link-color has-medium-font-size wp-elements-77e05f1f612183a3d22ef517260c0409\"><strong>Zemin \u00c7ivisi<\/strong>, <\/p>\n\n\n\n<p>\u00d6zellikle derin kaz\u0131larda ve \u015fevlerde zeminin stabilitesini sa\u011flamak amac\u0131yla kullan\u0131lan bir yap\u0131 eleman\u0131d\u0131r. Basit\u00e7e anlatmak gerekirse, zemine \u00e7ak\u0131lan uzun ve ince bir \u00e7ubuk gibi d\u00fc\u015f\u00fcnebilirsiniz. Bu \u00e7ubuklar, zeminin ta\u015f\u0131ma kapasitesini art\u0131rarak, toprak kaymalar\u0131, \u00e7\u00f6kmeler gibi sorunlar\u0131n \u00f6nlenmesine yard\u0131mc\u0131 olur.<\/p>\n\n\n\n<p class=\"has-black-color has-text-color has-link-color has-medium-font-size wp-elements-62c57a6b933183d3188c06934acfffe4\"><strong>Zemin \u00c7ivisinin \u00c7al\u0131\u015fma Prensibi<\/strong><\/p>\n\n\n\n<p>Zemin \u00e7ivisi, zemine yat\u0131k bir a\u00e7\u0131yla belirli bir derinli\u011fe kadar \u00e7ak\u0131l\u0131r. Bu \u00e7akma i\u015flemi s\u0131ras\u0131nda, \u00e7ivinin etraf\u0131ndaki zemin s\u0131k\u0131\u015ft\u0131r\u0131l\u0131r ve \u00e7ivinin kendisi de zemine s\u0131k\u0131ca tutunur. B\u00f6ylece, zemin daha dayan\u0131kl\u0131 hale gelir ve d\u0131\u015f kuvvetlere kar\u015f\u0131 daha diren\u00e7li olur.<\/p>\n\n\n\n<p class=\"has-black-color has-text-color has-link-color has-medium-font-size wp-elements-4e108067b99d67259c74b4ecfbc823a2\"><strong>Zemin \u00c7ivisinin Kullan\u0131m Alanlar\u0131<\/strong><\/p>\n\n\n\n<ul class=\"wp-block-list\">\n<li><strong>Derin Kaz\u0131larda:<\/strong> Kaz\u0131 s\u0131ras\u0131nda olu\u015fan yan bas\u0131n\u00e7lar\u0131 kar\u015f\u0131lamak ve kaz\u0131 duvarlar\u0131n\u0131n stabilitesini sa\u011flamak i\u00e7in kullan\u0131l\u0131r.<\/li>\n\n\n\n<li><strong>\u015eev Stabilizasyonu:<\/strong> Yama\u00e7larda meydana gelebilecek toprak kaymalar\u0131n\u0131 \u00f6nlemek i\u00e7in kullan\u0131l\u0131r.<\/li>\n\n\n\n<li><strong>T\u00fcnellerde:<\/strong> T\u00fcnellerin i\u00e7 y\u00fczeylerinin g\u00fc\u00e7lendirilmesi ve su s\u0131zd\u0131rmazl\u0131\u011f\u0131n\u0131n sa\u011flanmas\u0131 i\u00e7in kullan\u0131l\u0131r.<\/li>\n\n\n\n<li><strong>Yap\u0131lar\u0131n Temelleri:<\/strong> Zemin ko\u015fullar\u0131n\u0131n zay\u0131f oldu\u011fu durumlarda, yap\u0131lar\u0131n temelini g\u00fc\u00e7lendirmek i\u00e7in kullan\u0131l\u0131r.<\/li>\n<\/ul>\n\n\n\n<figure class=\"wp-block-image size-large\"><img loading=\"lazy\" decoding=\"async\" width=\"1024\" height=\"768\" src=\"https:\/\/www.cetasmuhendislik.com\/wp-content\/uploads\/2024\/09\/zemin-civisi-4-1024x768.jpeg\" alt=\"\" class=\"wp-image-1976\" srcset=\"https:\/\/www.cetasmuhendislik.com\/wp-content\/uploads\/2024\/09\/zemin-civisi-4-1024x768.jpeg 1024w, https:\/\/www.cetasmuhendislik.com\/wp-content\/uploads\/2024\/09\/zemin-civisi-4-300x225.jpeg 300w, https:\/\/www.cetasmuhendislik.com\/wp-content\/uploads\/2024\/09\/zemin-civisi-4-768x576.jpeg 768w, https:\/\/www.cetasmuhendislik.com\/wp-content\/uploads\/2024\/09\/zemin-civisi-4-1536x1152.jpeg 1536w, https:\/\/www.cetasmuhendislik.com\/wp-content\/uploads\/2024\/09\/zemin-civisi-4-600x450.jpeg 600w, https:\/\/www.cetasmuhendislik.com\/wp-content\/uploads\/2024\/09\/zemin-civisi-4.jpeg 1600w\" sizes=\"auto, (max-width: 1024px) 100vw, 1024px\" \/><\/figure>\n\n\n\n<p class=\"has-black-color has-text-color has-link-color has-medium-font-size wp-elements-9d3c66fea14641039ffb28daaa9a7299\"><strong>Zemin \u00c7ivisinin Avantajlar\u0131<\/strong><\/p>\n\n\n\n<ul class=\"wp-block-list\">\n<li><strong>Y\u00fcksek Dayan\u0131m:<\/strong> Zemin \u00e7ivileri, y\u00fcksek \u00e7ekme ve kesme kuvvetlerine dayan\u0131kl\u0131d\u0131r.<\/li>\n\n\n\n<li><strong>Esneklik:<\/strong> Farkl\u0131 zemin ko\u015fullar\u0131na ve y\u00fck durumlar\u0131na g\u00f6re farkl\u0131 tipte zemin \u00e7ivileri kullan\u0131labilir.<\/li>\n\n\n\n<li><strong>H\u0131zl\u0131 Uygulama:<\/strong> Geleneksel y\u00f6ntemlere g\u00f6re daha h\u0131zl\u0131 ve pratik bir uygulama imkan\u0131 sunar.<\/li>\n\n\n\n<li><strong>Ekonomik:<\/strong> Uzun vadede bak\u0131m maliyetlerini d\u00fc\u015f\u00fcrerek ekonomik bir \u00e7\u00f6z\u00fcmd\u00fcr.<\/li>\n<\/ul>\n\n\n\n<p class=\"has-black-color has-text-color has-link-color has-medium-font-size wp-elements-7b4c52a3e70f672c8dd2b8771e32e77a\"><strong>Zemin \u00c7ivisi Uygulamas\u0131<\/strong><\/p>\n\n\n\n<p>Zemin \u00e7ivisi uygulamas\u0131, a\u015fa\u011f\u0131daki ad\u0131mlar\u0131 i\u00e7erir:<\/p>\n\n\n\n<ol start=\"1\" class=\"wp-block-list\">\n<li><strong>Zemin Ara\u015ft\u0131rmas\u0131:<\/strong> Uygulama yap\u0131lacak zemin detayl\u0131 olarak incelenir ve \u00e7ivi parametreleri belirlenir.<\/li>\n\n\n\n<li><strong>Delik A\u00e7ma:<\/strong> Belirlenen noktalara uygun \u00e7ap ve derinlikte delikler a\u00e7\u0131l\u0131r.<\/li>\n\n\n\n<li><strong>\u00c7ivi Yerle\u015ftirilmesi:<\/strong> Deliklere \u00e7elik \u00e7iviler yerle\u015ftirilir ve \u00e7imento harc\u0131 ile doldurulur.<\/li>\n\n\n\n<li><strong>Kontrol:<\/strong> Uygulama sonras\u0131, \u00e7ivilerin do\u011fru \u015fekilde yerle\u015ftirildi\u011finden emin olmak i\u00e7in kontrol yap\u0131l\u0131r.<\/li>\n<\/ol>\n\n\n\n<p class=\"has-black-color has-text-color has-link-color has-medium-font-size wp-elements-8985b4838932d273bf470b8f477ccda7\"><strong>Zemin \u00c7ivisi \u00c7e\u015fitleri<\/strong><\/p>\n\n\n\n<ul class=\"wp-block-list\">\n<li><strong>\u00c7elik \u00c7iviler:<\/strong> En yayg\u0131n kullan\u0131lan tip olup, farkl\u0131 \u00e7ap ve uzunluklarda \u00fcretilmektedir.<\/li>\n\n\n\n<li><strong>Betonarme \u00c7iviler:<\/strong> Daha b\u00fcy\u00fck \u00e7apl\u0131 ve uzun \u00f6m\u00fcrl\u00fc \u00e7ivilerdir.<\/li>\n<\/ul>\n\n\n\n<p class=\"has-black-color has-text-color has-link-color has-medium-font-size wp-elements-15295a4972da5b6cc45992ab3212da45\"><strong>Gereksinimler<\/strong><\/p>\n\n\n\n<ul class=\"wp-block-list\">\n<li><strong>Uzmanl\u0131k Gerektirir:<\/strong> Zemin \u00e7ivisi uygulamas\u0131, uzmanl\u0131k gerektiren bir i\u015ftir. Bu nedenle, deneyimli bir ekip taraf\u0131ndan yap\u0131lmas\u0131 \u00f6nemlidir.<\/li>\n\n\n\n<li><strong>Standartlar:<\/strong> Uygulama s\u0131ras\u0131nda, ilgili standartlara uygun olarak hareket edilmelidir.<\/li>\n<\/ul>\n\n\n\n<p><strong>Zemin \u00e7ivisi<\/strong>, yap\u0131lar\u0131n g\u00fcvenli\u011fi ve zeminin stabilitesi i\u00e7in \u00f6nemli bir m\u00fchendislik \u00e7\u00f6z\u00fcm\u00fcd\u00fcr. Do\u011fru tasarlanmas\u0131 ve uygulanmas\u0131 halinde, yap\u0131lar\u0131n \u00f6mr\u00fcn\u00fc uzat\u0131r ve g\u00fcvenli\u011fini art\u0131r\u0131r.<\/p>\n\n\n\n<p><\/p>\n","protected":false},"excerpt":{"rendered":"<p>Zemin \u00c7ivisi, \u00d6zellikle derin kaz\u0131larda ve \u015fevlerde zeminin stabilitesini sa\u011flamak amac\u0131yla kullan\u0131lan bir yap\u0131 eleman\u0131d\u0131r. Basit\u00e7e anlatmak gerekirse, zemine \u00e7ak\u0131lan uzun ve ince bir \u00e7ubuk gibi d\u00fc\u015f\u00fcnebilirsiniz. Bu \u00e7ubuklar, zeminin &#8230;<\/p>\n","protected":false},"author":1,"featured_media":0,"parent":0,"menu_order":0,"comment_status":"closed","ping_status":"closed","template":"","meta":{"footnotes":""},"class_list":["post-1788","page","type-page","status-publish","hentry"],"yoast_head":"<!-- This site is optimized with the Yoast SEO plugin v23.4 - https:\/\/yoast.com\/wordpress\/plugins\/seo\/ -->\n<title>Zemin \u00c7ivisi - \u00c7eta\u015f Zemin M\u00fchendislik<\/title>\n<meta name=\"robots\" content=\"index, follow, max-snippet:-1, max-image-preview:large, max-video-preview:-1\" \/>\n<link rel=\"canonical\" href=\"https:\/\/www.cetasmuhendislik.com\/index.php\/zemin-civisi\/\" \/>\n<meta property=\"og:locale\" content=\"tr_TR\" \/>\n<meta property=\"og:type\" content=\"article\" \/>\n<meta property=\"og:title\" content=\"Zemin \u00c7ivisi - \u00c7eta\u015f Zemin M\u00fchendislik\" \/>\n<meta property=\"og:description\" content=\"Zemin \u00c7ivisi, \u00d6zellikle derin kaz\u0131larda ve \u015fevlerde zeminin stabilitesini sa\u011flamak amac\u0131yla kullan\u0131lan bir yap\u0131 eleman\u0131d\u0131r. Basit\u00e7e anlatmak gerekirse, zemine \u00e7ak\u0131lan uzun ve ince bir \u00e7ubuk gibi d\u00fc\u015f\u00fcnebilirsiniz. Bu \u00e7ubuklar, zeminin ...\" \/>\n<meta property=\"og:url\" content=\"https:\/\/www.cetasmuhendislik.com\/index.php\/zemin-civisi\/\" \/>\n<meta property=\"og:site_name\" content=\"\u00c7eta\u015f Zemin M\u00fchendislik\" \/>\n<meta property=\"article:modified_time\" content=\"2024-09-14T11:09:11+00:00\" \/>\n<meta property=\"og:image\" content=\"https:\/\/www.cetasmuhendislik.com\/wp-content\/uploads\/2024\/09\/zemin-civisi-4-1024x768.jpeg\" \/>\n<meta name=\"twitter:card\" content=\"summary_large_image\" \/>\n<meta name=\"twitter:label1\" content=\"Tahmini okuma s\u00fcresi\" \/>\n\t<meta name=\"twitter:data1\" content=\"2 dakika\" \/>\n<script type=\"application\/ld+json\" class=\"yoast-schema-graph\">{\"@context\":\"https:\/\/schema.org\",\"@graph\":[{\"@type\":\"WebPage\",\"@id\":\"https:\/\/www.cetasmuhendislik.com\/index.php\/zemin-civisi\/\",\"url\":\"https:\/\/www.cetasmuhendislik.com\/index.php\/zemin-civisi\/\",\"name\":\"Zemin \u00c7ivisi - \u00c7eta\u015f Zemin M\u00fchendislik\",\"isPartOf\":{\"@id\":\"https:\/\/www.cetasmuhendislik.com\/#website\"},\"primaryImageOfPage\":{\"@id\":\"https:\/\/www.cetasmuhendislik.com\/index.php\/zemin-civisi\/#primaryimage\"},\"image\":{\"@id\":\"https:\/\/www.cetasmuhendislik.com\/index.php\/zemin-civisi\/#primaryimage\"},\"thumbnailUrl\":\"https:\/\/www.cetasmuhendislik.com\/wp-content\/uploads\/2024\/09\/zemin-civisi-4-1024x768.jpeg\",\"datePublished\":\"2024-09-12T05:57:57+00:00\",\"dateModified\":\"2024-09-14T11:09:11+00:00\",\"breadcrumb\":{\"@id\":\"https:\/\/www.cetasmuhendislik.com\/index.php\/zemin-civisi\/#breadcrumb\"},\"inLanguage\":\"tr\",\"potentialAction\":[{\"@type\":\"ReadAction\",\"target\":[\"https:\/\/www.cetasmuhendislik.com\/index.php\/zemin-civisi\/\"]}]},{\"@type\":\"ImageObject\",\"inLanguage\":\"tr\",\"@id\":\"https:\/\/www.cetasmuhendislik.com\/index.php\/zemin-civisi\/#primaryimage\",\"url\":\"https:\/\/www.cetasmuhendislik.com\/wp-content\/uploads\/2024\/09\/zemin-civisi-4.jpeg\",\"contentUrl\":\"https:\/\/www.cetasmuhendislik.com\/wp-content\/uploads\/2024\/09\/zemin-civisi-4.jpeg\",\"width\":1600,\"height\":1200},{\"@type\":\"BreadcrumbList\",\"@id\":\"https:\/\/www.cetasmuhendislik.com\/index.php\/zemin-civisi\/#breadcrumb\",\"itemListElement\":[{\"@type\":\"ListItem\",\"position\":1,\"name\":\"Anasayfa\",\"item\":\"https:\/\/www.cetasmuhendislik.com\/\"},{\"@type\":\"ListItem\",\"position\":2,\"name\":\"Zemin \u00c7ivisi\"}]},{\"@type\":\"WebSite\",\"@id\":\"https:\/\/www.cetasmuhendislik.com\/#website\",\"url\":\"https:\/\/www.cetasmuhendislik.com\/\",\"name\":\"\u00c7eta\u015f Zemin M\u00fchendislik\",\"description\":\"\",\"publisher\":{\"@id\":\"https:\/\/www.cetasmuhendislik.com\/#organization\"},\"potentialAction\":[{\"@type\":\"SearchAction\",\"target\":{\"@type\":\"EntryPoint\",\"urlTemplate\":\"https:\/\/www.cetasmuhendislik.com\/?s={search_term_string}\"},\"query-input\":{\"@type\":\"PropertyValueSpecification\",\"valueRequired\":true,\"valueName\":\"search_term_string\"}}],\"inLanguage\":\"tr\"},{\"@type\":\"Organization\",\"@id\":\"https:\/\/www.cetasmuhendislik.com\/#organization\",\"name\":\"\u00c7eta\u015f Zemin M\u00fchendislik\",\"url\":\"https:\/\/www.cetasmuhendislik.com\/\",\"logo\":{\"@type\":\"ImageObject\",\"inLanguage\":\"tr\",\"@id\":\"https:\/\/www.cetasmuhendislik.com\/#\/schema\/logo\/image\/\",\"url\":\"https:\/\/www.cetasmuhendislik.com\/wp-content\/uploads\/2024\/08\/cetas-logo-mini-6.png\",\"contentUrl\":\"https:\/\/www.cetasmuhendislik.com\/wp-content\/uploads\/2024\/08\/cetas-logo-mini-6.png\",\"width\":296,\"height\":87,\"caption\":\"\u00c7eta\u015f Zemin M\u00fchendislik\"},\"image\":{\"@id\":\"https:\/\/www.cetasmuhendislik.com\/#\/schema\/logo\/image\/\"}}]}<\/script>\n<!-- \/ Yoast SEO plugin. -->","yoast_head_json":{"title":"Zemin \u00c7ivisi - \u00c7eta\u015f Zemin M\u00fchendislik","robots":{"index":"index","follow":"follow","max-snippet":"max-snippet:-1","max-image-preview":"max-image-preview:large","max-video-preview":"max-video-preview:-1"},"canonical":"https:\/\/www.cetasmuhendislik.com\/index.php\/zemin-civisi\/","og_locale":"tr_TR","og_type":"article","og_title":"Zemin \u00c7ivisi - \u00c7eta\u015f Zemin M\u00fchendislik","og_description":"Zemin \u00c7ivisi, \u00d6zellikle derin kaz\u0131larda ve \u015fevlerde zeminin stabilitesini sa\u011flamak amac\u0131yla kullan\u0131lan bir yap\u0131 eleman\u0131d\u0131r. Basit\u00e7e anlatmak gerekirse, zemine \u00e7ak\u0131lan uzun ve ince bir \u00e7ubuk gibi d\u00fc\u015f\u00fcnebilirsiniz. Bu \u00e7ubuklar, zeminin ...","og_url":"https:\/\/www.cetasmuhendislik.com\/index.php\/zemin-civisi\/","og_site_name":"\u00c7eta\u015f Zemin M\u00fchendislik","article_modified_time":"2024-09-14T11:09:11+00:00","og_image":[{"url":"https:\/\/www.cetasmuhendislik.com\/wp-content\/uploads\/2024\/09\/zemin-civisi-4-1024x768.jpeg"}],"twitter_card":"summary_large_image","twitter_misc":{"Tahmini okuma s\u00fcresi":"2 dakika"},"schema":{"@context":"https:\/\/schema.org","@graph":[{"@type":"WebPage","@id":"https:\/\/www.cetasmuhendislik.com\/index.php\/zemin-civisi\/","url":"https:\/\/www.cetasmuhendislik.com\/index.php\/zemin-civisi\/","name":"Zemin \u00c7ivisi - \u00c7eta\u015f Zemin M\u00fchendislik","isPartOf":{"@id":"https:\/\/www.cetasmuhendislik.com\/#website"},"primaryImageOfPage":{"@id":"https:\/\/www.cetasmuhendislik.com\/index.php\/zemin-civisi\/#primaryimage"},"image":{"@id":"https:\/\/www.cetasmuhendislik.com\/index.php\/zemin-civisi\/#primaryimage"},"thumbnailUrl":"https:\/\/www.cetasmuhendislik.com\/wp-content\/uploads\/2024\/09\/zemin-civisi-4-1024x768.jpeg","datePublished":"2024-09-12T05:57:57+00:00","dateModified":"2024-09-14T11:09:11+00:00","breadcrumb":{"@id":"https:\/\/www.cetasmuhendislik.com\/index.php\/zemin-civisi\/#breadcrumb"},"inLanguage":"tr","potentialAction":[{"@type":"ReadAction","target":["https:\/\/www.cetasmuhendislik.com\/index.php\/zemin-civisi\/"]}]},{"@type":"ImageObject","inLanguage":"tr","@id":"https:\/\/www.cetasmuhendislik.com\/index.php\/zemin-civisi\/#primaryimage","url":"https:\/\/www.cetasmuhendislik.com\/wp-content\/uploads\/2024\/09\/zemin-civisi-4.jpeg","contentUrl":"https:\/\/www.cetasmuhendislik.com\/wp-content\/uploads\/2024\/09\/zemin-civisi-4.jpeg","width":1600,"height":1200},{"@type":"BreadcrumbList","@id":"https:\/\/www.cetasmuhendislik.com\/index.php\/zemin-civisi\/#breadcrumb","itemListElement":[{"@type":"ListItem","position":1,"name":"Anasayfa","item":"https:\/\/www.cetasmuhendislik.com\/"},{"@type":"ListItem","position":2,"name":"Zemin \u00c7ivisi"}]},{"@type":"WebSite","@id":"https:\/\/www.cetasmuhendislik.com\/#website","url":"https:\/\/www.cetasmuhendislik.com\/","name":"\u00c7eta\u015f Zemin M\u00fchendislik","description":"","publisher":{"@id":"https:\/\/www.cetasmuhendislik.com\/#organization"},"potentialAction":[{"@type":"SearchAction","target":{"@type":"EntryPoint","urlTemplate":"https:\/\/www.cetasmuhendislik.com\/?s={search_term_string}"},"query-input":{"@type":"PropertyValueSpecification","valueRequired":true,"valueName":"search_term_string"}}],"inLanguage":"tr"},{"@type":"Organization","@id":"https:\/\/www.cetasmuhendislik.com\/#organization","name":"\u00c7eta\u015f Zemin M\u00fchendislik","url":"https:\/\/www.cetasmuhendislik.com\/","logo":{"@type":"ImageObject","inLanguage":"tr","@id":"https:\/\/www.cetasmuhendislik.com\/#\/schema\/logo\/image\/","url":"https:\/\/www.cetasmuhendislik.com\/wp-content\/uploads\/2024\/08\/cetas-logo-mini-6.png","contentUrl":"https:\/\/www.cetasmuhendislik.com\/wp-content\/uploads\/2024\/08\/cetas-logo-mini-6.png","width":296,"height":87,"caption":"\u00c7eta\u015f Zemin M\u00fchendislik"},"image":{"@id":"https:\/\/www.cetasmuhendislik.com\/#\/schema\/logo\/image\/"}}]}},"_links":{"self":[{"href":"https:\/\/www.cetasmuhendislik.com\/index.php\/wp-json\/wp\/v2\/pages\/1788","targetHints":{"allow":["GET"]}}],"collection":[{"href":"https:\/\/www.cetasmuhendislik.com\/index.php\/wp-json\/wp\/v2\/pages"}],"about":[{"href":"https:\/\/www.cetasmuhendislik.com\/index.php\/wp-json\/wp\/v2\/types\/page"}],"author":[{"embeddable":true,"href":"https:\/\/www.cetasmuhendislik.com\/index.php\/wp-json\/wp\/v2\/users\/1"}],"replies":[{"embeddable":true,"href":"https:\/\/www.cetasmuhendislik.com\/index.php\/wp-json\/wp\/v2\/comments?post=1788"}],"version-history":[{"count":2,"href":"https:\/\/www.cetasmuhendislik.com\/index.php\/wp-json\/wp\/v2\/pages\/1788\/revisions"}],"predecessor-version":[{"id":1977,"href":"https:\/\/www.cetasmuhendislik.com\/index.php\/wp-json\/wp\/v2\/pages\/1788\/revisions\/1977"}],"wp:attachment":[{"href":"https:\/\/www.cetasmuhendislik.com\/index.php\/wp-json\/wp\/v2\/media?parent=1788"}],"curies":[{"name":"wp","href":"https:\/\/api.w.org\/{rel}","templated":true}]}}