{"id":1792,"date":"2024-09-12T09:11:46","date_gmt":"2024-09-12T06:11:46","guid":{"rendered":"https:\/\/www.cetasmuhendislik.com\/?page_id=1792"},"modified":"2024-09-14T14:30:28","modified_gmt":"2024-09-14T11:30:28","slug":"kaya-bulonu","status":"publish","type":"page","link":"https:\/\/www.cetasmuhendislik.com\/index.php\/kaya-bulonu\/","title":{"rendered":"KAYA BULONU"},"content":{"rendered":"\n<p class=\"has-black-color has-text-color has-link-color has-medium-font-size wp-elements-f77ef9946845b0c7de692edd14a082b5\"><strong>Kaya Bulonu,<\/strong><\/p>\n\n\n\n<p>Betonarme Yap\u0131da \u00e7elik donat\u0131lar\u0131n y\u00fcksek mukavemetli<\/p>\n\n\n\n<p>Donat\u0131larla t\u00fcnel veya maden projelerinde<\/p>\n\n\n\n<p>kaya bulonu olarak kullan\u0131lmas\u0131n\u0131 sa\u011flar.<\/p>\n\n\n\n<p>Cephe kaplamas\u0131n\u0131 kaz\u0131klar\u0131n i\u00e7inde tutmak i\u00e7in kaplama,<\/p>\n\n\n\n<p>sabitleme \u00e7ubuklar\u0131 (genellikle \u00e7elik \u00e7ubuklar) ile<\/p>\n\n\n\n<p>zemine d\u00fczenli olarak ba\u011flan\u0131r.<\/p>\n\n\n\n<p>Tek \u00e7ubuklu ankraj, 20-30 cm \u00e7ap\u0131nda burgu, matkap veya saplama,<\/p>\n\n\n\n<p>kasa ile zemin delinmesi, \u00e7elik \u00e7ubuklar\u0131n deli\u011fe serilmesi ve \u00e7ubuk etraf\u0131ndaki<\/p>\n\n\n\n<p>bo\u015flu\u011fun enjekte edilmesi ile uygulan\u0131r.<\/p>\n\n\n\n<figure class=\"wp-block-image size-full\"><img loading=\"lazy\" decoding=\"async\" width=\"600\" height=\"595\" src=\"https:\/\/www.cetasmuhendislik.com\/wp-content\/uploads\/2024\/09\/kaya-bulonu.jpg\" alt=\"\" class=\"wp-image-1979\" srcset=\"https:\/\/www.cetasmuhendislik.com\/wp-content\/uploads\/2024\/09\/kaya-bulonu.jpg 600w, https:\/\/www.cetasmuhendislik.com\/wp-content\/uploads\/2024\/09\/kaya-bulonu-300x298.jpg 300w, https:\/\/www.cetasmuhendislik.com\/wp-content\/uploads\/2024\/09\/kaya-bulonu-150x150.jpg 150w, https:\/\/www.cetasmuhendislik.com\/wp-content\/uploads\/2024\/09\/kaya-bulonu-100x100.jpg 100w\" sizes=\"auto, (max-width: 600px) 100vw, 600px\" \/><\/figure>\n\n\n\n<p class=\"has-black-color has-text-color has-link-color has-medium-font-size wp-elements-a82e1f7df7ac241e3faee1a0eed11b69\"><strong>Uygulama<\/strong><\/p>\n\n\n\n<p>Regbar y\u00fcksek mukavemetli takviye di\u015f a\u00e7ma makineleri,<\/p>\n\n\n\n<p>a\u015fa\u011f\u0131daki tabloda ayr\u0131nt\u0131lar\u0131 verilen her kalitede in\u015faat demirinde<\/p>\n\n\n\n<p>kusursuz di\u015f a\u00e7ma sa\u011flar.<\/p>\n\n\n\n<p>Mobil Regbar ekipman\u0131, ekipman ta\u015f\u0131maya gerek kalmadan<\/p>\n\n\n\n<p>yerinde i\u015flemeyi m\u00fcmk\u00fcn k\u0131lar.<\/p>\n\n\n\n<p>B\u00f6ylelikle ekipmanlar\u0131n ta\u015f\u0131nmas\u0131ndan kaynaklanan<\/p>\n\n\n\n<p>hem maliyet hem de zaman kayb\u0131 \u00f6nlenir.<\/p>\n\n\n\n<p><\/p>\n","protected":false},"excerpt":{"rendered":"<p>Kaya Bulonu, Betonarme Yap\u0131da \u00e7elik donat\u0131lar\u0131n y\u00fcksek mukavemetli Donat\u0131larla t\u00fcnel veya maden projelerinde kaya bulonu olarak kullan\u0131lmas\u0131n\u0131 sa\u011flar. Cephe kaplamas\u0131n\u0131 kaz\u0131klar\u0131n i\u00e7inde tutmak i\u00e7in kaplama, sabitleme \u00e7ubuklar\u0131 (genellikle \u00e7elik \u00e7ubuklar) &#8230;<\/p>\n","protected":false},"author":1,"featured_media":0,"parent":0,"menu_order":0,"comment_status":"closed","ping_status":"closed","template":"","meta":{"footnotes":""},"class_list":["post-1792","page","type-page","status-publish","hentry"],"yoast_head":"<!-- This site is optimized with the Yoast SEO plugin v23.4 - https:\/\/yoast.com\/wordpress\/plugins\/seo\/ -->\n<title>KAYA BULONU - \u00c7eta\u015f Zemin M\u00fchendislik<\/title>\n<meta name=\"robots\" content=\"index, follow, max-snippet:-1, max-image-preview:large, max-video-preview:-1\" \/>\n<link rel=\"canonical\" href=\"https:\/\/www.cetasmuhendislik.com\/index.php\/kaya-bulonu\/\" \/>\n<meta property=\"og:locale\" content=\"tr_TR\" \/>\n<meta property=\"og:type\" content=\"article\" \/>\n<meta property=\"og:title\" content=\"KAYA BULONU - \u00c7eta\u015f Zemin M\u00fchendislik\" \/>\n<meta property=\"og:description\" content=\"Kaya Bulonu, Betonarme Yap\u0131da \u00e7elik donat\u0131lar\u0131n y\u00fcksek mukavemetli Donat\u0131larla t\u00fcnel veya maden projelerinde kaya bulonu olarak kullan\u0131lmas\u0131n\u0131 sa\u011flar. Cephe kaplamas\u0131n\u0131 kaz\u0131klar\u0131n i\u00e7inde tutmak i\u00e7in kaplama, sabitleme \u00e7ubuklar\u0131 (genellikle \u00e7elik \u00e7ubuklar) ...\" \/>\n<meta property=\"og:url\" content=\"https:\/\/www.cetasmuhendislik.com\/index.php\/kaya-bulonu\/\" \/>\n<meta property=\"og:site_name\" content=\"\u00c7eta\u015f Zemin M\u00fchendislik\" \/>\n<meta property=\"article:modified_time\" content=\"2024-09-14T11:30:28+00:00\" \/>\n<meta property=\"og:image\" content=\"https:\/\/www.cetasmuhendislik.com\/wp-content\/uploads\/2024\/09\/kaya-bulonu.jpg\" \/>\n<meta name=\"twitter:card\" content=\"summary_large_image\" \/>\n<meta name=\"twitter:label1\" content=\"Tahmini okuma s\u00fcresi\" \/>\n\t<meta name=\"twitter:data1\" content=\"1 dakika\" \/>\n<script type=\"application\/ld+json\" class=\"yoast-schema-graph\">{\"@context\":\"https:\/\/schema.org\",\"@graph\":[{\"@type\":\"WebPage\",\"@id\":\"https:\/\/www.cetasmuhendislik.com\/index.php\/kaya-bulonu\/\",\"url\":\"https:\/\/www.cetasmuhendislik.com\/index.php\/kaya-bulonu\/\",\"name\":\"KAYA BULONU - \u00c7eta\u015f Zemin M\u00fchendislik\",\"isPartOf\":{\"@id\":\"https:\/\/www.cetasmuhendislik.com\/#website\"},\"primaryImageOfPage\":{\"@id\":\"https:\/\/www.cetasmuhendislik.com\/index.php\/kaya-bulonu\/#primaryimage\"},\"image\":{\"@id\":\"https:\/\/www.cetasmuhendislik.com\/index.php\/kaya-bulonu\/#primaryimage\"},\"thumbnailUrl\":\"https:\/\/www.cetasmuhendislik.com\/wp-content\/uploads\/2024\/09\/kaya-bulonu.jpg\",\"datePublished\":\"2024-09-12T06:11:46+00:00\",\"dateModified\":\"2024-09-14T11:30:28+00:00\",\"breadcrumb\":{\"@id\":\"https:\/\/www.cetasmuhendislik.com\/index.php\/kaya-bulonu\/#breadcrumb\"},\"inLanguage\":\"tr\",\"potentialAction\":[{\"@type\":\"ReadAction\",\"target\":[\"https:\/\/www.cetasmuhendislik.com\/index.php\/kaya-bulonu\/\"]}]},{\"@type\":\"ImageObject\",\"inLanguage\":\"tr\",\"@id\":\"https:\/\/www.cetasmuhendislik.com\/index.php\/kaya-bulonu\/#primaryimage\",\"url\":\"https:\/\/www.cetasmuhendislik.com\/wp-content\/uploads\/2024\/09\/kaya-bulonu.jpg\",\"contentUrl\":\"https:\/\/www.cetasmuhendislik.com\/wp-content\/uploads\/2024\/09\/kaya-bulonu.jpg\",\"width\":600,\"height\":595},{\"@type\":\"BreadcrumbList\",\"@id\":\"https:\/\/www.cetasmuhendislik.com\/index.php\/kaya-bulonu\/#breadcrumb\",\"itemListElement\":[{\"@type\":\"ListItem\",\"position\":1,\"name\":\"Anasayfa\",\"item\":\"https:\/\/www.cetasmuhendislik.com\/\"},{\"@type\":\"ListItem\",\"position\":2,\"name\":\"KAYA BULONU\"}]},{\"@type\":\"WebSite\",\"@id\":\"https:\/\/www.cetasmuhendislik.com\/#website\",\"url\":\"https:\/\/www.cetasmuhendislik.com\/\",\"name\":\"\u00c7eta\u015f Zemin M\u00fchendislik\",\"description\":\"\",\"publisher\":{\"@id\":\"https:\/\/www.cetasmuhendislik.com\/#organization\"},\"potentialAction\":[{\"@type\":\"SearchAction\",\"target\":{\"@type\":\"EntryPoint\",\"urlTemplate\":\"https:\/\/www.cetasmuhendislik.com\/?s={search_term_string}\"},\"query-input\":{\"@type\":\"PropertyValueSpecification\",\"valueRequired\":true,\"valueName\":\"search_term_string\"}}],\"inLanguage\":\"tr\"},{\"@type\":\"Organization\",\"@id\":\"https:\/\/www.cetasmuhendislik.com\/#organization\",\"name\":\"\u00c7eta\u015f Zemin M\u00fchendislik\",\"url\":\"https:\/\/www.cetasmuhendislik.com\/\",\"logo\":{\"@type\":\"ImageObject\",\"inLanguage\":\"tr\",\"@id\":\"https:\/\/www.cetasmuhendislik.com\/#\/schema\/logo\/image\/\",\"url\":\"https:\/\/www.cetasmuhendislik.com\/wp-content\/uploads\/2024\/08\/cetas-logo-mini-6.png\",\"contentUrl\":\"https:\/\/www.cetasmuhendislik.com\/wp-content\/uploads\/2024\/08\/cetas-logo-mini-6.png\",\"width\":296,\"height\":87,\"caption\":\"\u00c7eta\u015f Zemin M\u00fchendislik\"},\"image\":{\"@id\":\"https:\/\/www.cetasmuhendislik.com\/#\/schema\/logo\/image\/\"}}]}<\/script>\n<!-- \/ Yoast SEO plugin. -->","yoast_head_json":{"title":"KAYA BULONU - \u00c7eta\u015f Zemin M\u00fchendislik","robots":{"index":"index","follow":"follow","max-snippet":"max-snippet:-1","max-image-preview":"max-image-preview:large","max-video-preview":"max-video-preview:-1"},"canonical":"https:\/\/www.cetasmuhendislik.com\/index.php\/kaya-bulonu\/","og_locale":"tr_TR","og_type":"article","og_title":"KAYA BULONU - \u00c7eta\u015f Zemin M\u00fchendislik","og_description":"Kaya Bulonu, Betonarme Yap\u0131da \u00e7elik donat\u0131lar\u0131n y\u00fcksek mukavemetli Donat\u0131larla t\u00fcnel veya maden projelerinde kaya bulonu olarak kullan\u0131lmas\u0131n\u0131 sa\u011flar. Cephe kaplamas\u0131n\u0131 kaz\u0131klar\u0131n i\u00e7inde tutmak i\u00e7in kaplama, sabitleme \u00e7ubuklar\u0131 (genellikle \u00e7elik \u00e7ubuklar) ...","og_url":"https:\/\/www.cetasmuhendislik.com\/index.php\/kaya-bulonu\/","og_site_name":"\u00c7eta\u015f Zemin M\u00fchendislik","article_modified_time":"2024-09-14T11:30:28+00:00","og_image":[{"url":"https:\/\/www.cetasmuhendislik.com\/wp-content\/uploads\/2024\/09\/kaya-bulonu.jpg"}],"twitter_card":"summary_large_image","twitter_misc":{"Tahmini okuma s\u00fcresi":"1 dakika"},"schema":{"@context":"https:\/\/schema.org","@graph":[{"@type":"WebPage","@id":"https:\/\/www.cetasmuhendislik.com\/index.php\/kaya-bulonu\/","url":"https:\/\/www.cetasmuhendislik.com\/index.php\/kaya-bulonu\/","name":"KAYA BULONU - \u00c7eta\u015f Zemin M\u00fchendislik","isPartOf":{"@id":"https:\/\/www.cetasmuhendislik.com\/#website"},"primaryImageOfPage":{"@id":"https:\/\/www.cetasmuhendislik.com\/index.php\/kaya-bulonu\/#primaryimage"},"image":{"@id":"https:\/\/www.cetasmuhendislik.com\/index.php\/kaya-bulonu\/#primaryimage"},"thumbnailUrl":"https:\/\/www.cetasmuhendislik.com\/wp-content\/uploads\/2024\/09\/kaya-bulonu.jpg","datePublished":"2024-09-12T06:11:46+00:00","dateModified":"2024-09-14T11:30:28+00:00","breadcrumb":{"@id":"https:\/\/www.cetasmuhendislik.com\/index.php\/kaya-bulonu\/#breadcrumb"},"inLanguage":"tr","potentialAction":[{"@type":"ReadAction","target":["https:\/\/www.cetasmuhendislik.com\/index.php\/kaya-bulonu\/"]}]},{"@type":"ImageObject","inLanguage":"tr","@id":"https:\/\/www.cetasmuhendislik.com\/index.php\/kaya-bulonu\/#primaryimage","url":"https:\/\/www.cetasmuhendislik.com\/wp-content\/uploads\/2024\/09\/kaya-bulonu.jpg","contentUrl":"https:\/\/www.cetasmuhendislik.com\/wp-content\/uploads\/2024\/09\/kaya-bulonu.jpg","width":600,"height":595},{"@type":"BreadcrumbList","@id":"https:\/\/www.cetasmuhendislik.com\/index.php\/kaya-bulonu\/#breadcrumb","itemListElement":[{"@type":"ListItem","position":1,"name":"Anasayfa","item":"https:\/\/www.cetasmuhendislik.com\/"},{"@type":"ListItem","position":2,"name":"KAYA BULONU"}]},{"@type":"WebSite","@id":"https:\/\/www.cetasmuhendislik.com\/#website","url":"https:\/\/www.cetasmuhendislik.com\/","name":"\u00c7eta\u015f Zemin M\u00fchendislik","description":"","publisher":{"@id":"https:\/\/www.cetasmuhendislik.com\/#organization"},"potentialAction":[{"@type":"SearchAction","target":{"@type":"EntryPoint","urlTemplate":"https:\/\/www.cetasmuhendislik.com\/?s={search_term_string}"},"query-input":{"@type":"PropertyValueSpecification","valueRequired":true,"valueName":"search_term_string"}}],"inLanguage":"tr"},{"@type":"Organization","@id":"https:\/\/www.cetasmuhendislik.com\/#organization","name":"\u00c7eta\u015f Zemin M\u00fchendislik","url":"https:\/\/www.cetasmuhendislik.com\/","logo":{"@type":"ImageObject","inLanguage":"tr","@id":"https:\/\/www.cetasmuhendislik.com\/#\/schema\/logo\/image\/","url":"https:\/\/www.cetasmuhendislik.com\/wp-content\/uploads\/2024\/08\/cetas-logo-mini-6.png","contentUrl":"https:\/\/www.cetasmuhendislik.com\/wp-content\/uploads\/2024\/08\/cetas-logo-mini-6.png","width":296,"height":87,"caption":"\u00c7eta\u015f Zemin M\u00fchendislik"},"image":{"@id":"https:\/\/www.cetasmuhendislik.com\/#\/schema\/logo\/image\/"}}]}},"_links":{"self":[{"href":"https:\/\/www.cetasmuhendislik.com\/index.php\/wp-json\/wp\/v2\/pages\/1792","targetHints":{"allow":["GET"]}}],"collection":[{"href":"https:\/\/www.cetasmuhendislik.com\/index.php\/wp-json\/wp\/v2\/pages"}],"about":[{"href":"https:\/\/www.cetasmuhendislik.com\/index.php\/wp-json\/wp\/v2\/types\/page"}],"author":[{"embeddable":true,"href":"https:\/\/www.cetasmuhendislik.com\/index.php\/wp-json\/wp\/v2\/users\/1"}],"replies":[{"embeddable":true,"href":"https:\/\/www.cetasmuhendislik.com\/index.php\/wp-json\/wp\/v2\/comments?post=1792"}],"version-history":[{"count":5,"href":"https:\/\/www.cetasmuhendislik.com\/index.php\/wp-json\/wp\/v2\/pages\/1792\/revisions"}],"predecessor-version":[{"id":1980,"href":"https:\/\/www.cetasmuhendislik.com\/index.php\/wp-json\/wp\/v2\/pages\/1792\/revisions\/1980"}],"wp:attachment":[{"href":"https:\/\/www.cetasmuhendislik.com\/index.php\/wp-json\/wp\/v2\/media?parent=1792"}],"curies":[{"name":"wp","href":"https:\/\/api.w.org\/{rel}","templated":true}]}}