{"id":2028,"date":"2024-09-18T19:14:31","date_gmt":"2024-09-18T16:14:31","guid":{"rendered":"https:\/\/www.cetasmuhendislik.com\/?page_id=2028"},"modified":"2024-09-24T12:02:05","modified_gmt":"2024-09-24T09:02:05","slug":"devam-eden-projeler","status":"publish","type":"page","link":"https:\/\/www.cetasmuhendislik.com\/index.php\/devam-eden-projeler\/","title":{"rendered":"Devam Eden Projeler"},"content":{"rendered":"\n<h2 class=\"wp-block-heading has-white-color has-text-color has-link-color wp-elements-8b972bca70245a713153dae5a13a59ce\">Proje Ad\u0131<\/h2>\n\n\n\n<figure class=\"wp-block-image size-large\"><img loading=\"lazy\" decoding=\"async\" width=\"1024\" height=\"768\" src=\"https:\/\/www.cetasmuhendislik.com\/wp-content\/uploads\/2024\/09\/devam-eden-projeler-1-1024x768.jpg\" alt=\"\" class=\"wp-image-2041\" srcset=\"https:\/\/www.cetasmuhendislik.com\/wp-content\/uploads\/2024\/09\/devam-eden-projeler-1-1024x768.jpg 1024w, https:\/\/www.cetasmuhendislik.com\/wp-content\/uploads\/2024\/09\/devam-eden-projeler-1-300x225.jpg 300w, https:\/\/www.cetasmuhendislik.com\/wp-content\/uploads\/2024\/09\/devam-eden-projeler-1-768x576.jpg 768w, https:\/\/www.cetasmuhendislik.com\/wp-content\/uploads\/2024\/09\/devam-eden-projeler-1-1536x1152.jpg 1536w, https:\/\/www.cetasmuhendislik.com\/wp-content\/uploads\/2024\/09\/devam-eden-projeler-1-600x450.jpg 600w, https:\/\/www.cetasmuhendislik.com\/wp-content\/uploads\/2024\/09\/devam-eden-projeler-1.jpg 1600w\" sizes=\"auto, (max-width: 1024px) 100vw, 1024px\" \/><\/figure>\n\n\n\n<hr class=\"wp-block-separator has-alpha-channel-opacity\"\/>\n\n\n\n<h2 class=\"wp-block-heading has-white-color has-text-color has-link-color wp-elements-8b972bca70245a713153dae5a13a59ce\">Proje Ad\u0131<\/h2>\n\n\n\n<figure class=\"wp-block-image size-large\"><img loading=\"lazy\" decoding=\"async\" width=\"1024\" height=\"576\" src=\"https:\/\/www.cetasmuhendislik.com\/wp-content\/uploads\/2024\/09\/devam-eden-projeler-8-1024x576.jpg\" alt=\"\" class=\"wp-image-2031\" srcset=\"https:\/\/www.cetasmuhendislik.com\/wp-content\/uploads\/2024\/09\/devam-eden-projeler-8-1024x576.jpg 1024w, https:\/\/www.cetasmuhendislik.com\/wp-content\/uploads\/2024\/09\/devam-eden-projeler-8-300x169.jpg 300w, https:\/\/www.cetasmuhendislik.com\/wp-content\/uploads\/2024\/09\/devam-eden-projeler-8-768x432.jpg 768w, https:\/\/www.cetasmuhendislik.com\/wp-content\/uploads\/2024\/09\/devam-eden-projeler-8-600x338.jpg 600w, https:\/\/www.cetasmuhendislik.com\/wp-content\/uploads\/2024\/09\/devam-eden-projeler-8.jpg 1040w\" sizes=\"auto, (max-width: 1024px) 100vw, 1024px\" \/><\/figure>\n\n\n\n<hr class=\"wp-block-separator has-alpha-channel-opacity\"\/>\n\n\n\n<h2 class=\"wp-block-heading has-white-color has-text-color has-link-color wp-elements-ee1b44fb297e2a457a7a15e5a9c4dc10\">Proje Ad<\/h2>\n\n\n\n<figure class=\"wp-block-image size-large\"><img loading=\"lazy\" decoding=\"async\" width=\"1024\" height=\"768\" src=\"https:\/\/www.cetasmuhendislik.com\/wp-content\/uploads\/2024\/09\/devam-eden-projeler-10-1024x768.jpg\" alt=\"\" class=\"wp-image-2035\" srcset=\"https:\/\/www.cetasmuhendislik.com\/wp-content\/uploads\/2024\/09\/devam-eden-projeler-10-1024x768.jpg 1024w, https:\/\/www.cetasmuhendislik.com\/wp-content\/uploads\/2024\/09\/devam-eden-projeler-10-300x225.jpg 300w, https:\/\/www.cetasmuhendislik.com\/wp-content\/uploads\/2024\/09\/devam-eden-projeler-10-768x576.jpg 768w, https:\/\/www.cetasmuhendislik.com\/wp-content\/uploads\/2024\/09\/devam-eden-projeler-10-600x450.jpg 600w, https:\/\/www.cetasmuhendislik.com\/wp-content\/uploads\/2024\/09\/devam-eden-projeler-10.jpg 1280w\" sizes=\"auto, (max-width: 1024px) 100vw, 1024px\" \/><\/figure>\n\n\n\n<p><\/p>\n\n\n\n<hr class=\"wp-block-separator has-alpha-channel-opacity\"\/>\n\n\n\n<h2 class=\"wp-block-heading has-white-color has-text-color has-link-color wp-elements-8b972bca70245a713153dae5a13a59ce\">Proje Ad\u0131<\/h2>\n\n\n\n<figure class=\"wp-block-image size-large\"><img loading=\"lazy\" decoding=\"async\" width=\"1024\" height=\"576\" src=\"https:\/\/www.cetasmuhendislik.com\/wp-content\/uploads\/2024\/09\/devam-eden-projeler-7-1024x576.jpg\" alt=\"\" class=\"wp-image-2038\" srcset=\"https:\/\/www.cetasmuhendislik.com\/wp-content\/uploads\/2024\/09\/devam-eden-projeler-7-1024x576.jpg 1024w, https:\/\/www.cetasmuhendislik.com\/wp-content\/uploads\/2024\/09\/devam-eden-projeler-7-300x169.jpg 300w, https:\/\/www.cetasmuhendislik.com\/wp-content\/uploads\/2024\/09\/devam-eden-projeler-7-768x432.jpg 768w, https:\/\/www.cetasmuhendislik.com\/wp-content\/uploads\/2024\/09\/devam-eden-projeler-7-1536x864.jpg 1536w, https:\/\/www.cetasmuhendislik.com\/wp-content\/uploads\/2024\/09\/devam-eden-projeler-7-600x338.jpg 600w, https:\/\/www.cetasmuhendislik.com\/wp-content\/uploads\/2024\/09\/devam-eden-projeler-7.jpg 1600w\" sizes=\"auto, (max-width: 1024px) 100vw, 1024px\" \/><\/figure>\n\n\n\n<p><\/p>\n\n\n\n<hr class=\"wp-block-separator has-alpha-channel-opacity\"\/>\n\n\n\n<h2 class=\"wp-block-heading has-white-color has-text-color has-link-color wp-elements-8b972bca70245a713153dae5a13a59ce\">Proje Ad\u0131<\/h2>\n\n\n\n<figure class=\"wp-block-image size-large\"><img loading=\"lazy\" decoding=\"async\" width=\"1024\" height=\"575\" src=\"https:\/\/www.cetasmuhendislik.com\/wp-content\/uploads\/2024\/09\/devam-eden-projeler-6-1-1024x575.jpg\" alt=\"\" class=\"wp-image-2049\" srcset=\"https:\/\/www.cetasmuhendislik.com\/wp-content\/uploads\/2024\/09\/devam-eden-projeler-6-1-1024x575.jpg 1024w, https:\/\/www.cetasmuhendislik.com\/wp-content\/uploads\/2024\/09\/devam-eden-projeler-6-1-300x169.jpg 300w, https:\/\/www.cetasmuhendislik.com\/wp-content\/uploads\/2024\/09\/devam-eden-projeler-6-1-768x432.jpg 768w, https:\/\/www.cetasmuhendislik.com\/wp-content\/uploads\/2024\/09\/devam-eden-projeler-6-1-1536x863.jpg 1536w, https:\/\/www.cetasmuhendislik.com\/wp-content\/uploads\/2024\/09\/devam-eden-projeler-6-1-600x337.jpg 600w, https:\/\/www.cetasmuhendislik.com\/wp-content\/uploads\/2024\/09\/devam-eden-projeler-6-1.jpg 1600w\" sizes=\"auto, (max-width: 1024px) 100vw, 1024px\" \/><\/figure>\n","protected":false},"excerpt":{"rendered":"<p>Proje Ad\u0131 Proje Ad\u0131 Proje Ad Proje Ad\u0131 Proje Ad\u0131<\/p>\n","protected":false},"author":1,"featured_media":0,"parent":0,"menu_order":0,"comment_status":"closed","ping_status":"closed","template":"","meta":{"footnotes":""},"class_list":["post-2028","page","type-page","status-publish","hentry"],"yoast_head":"<!-- This site is optimized with the Yoast SEO plugin v23.4 - https:\/\/yoast.com\/wordpress\/plugins\/seo\/ -->\n<title>Devam Eden Projeler - \u00c7eta\u015f Zemin M\u00fchendislik<\/title>\n<meta name=\"robots\" content=\"index, follow, max-snippet:-1, max-image-preview:large, max-video-preview:-1\" \/>\n<link rel=\"canonical\" href=\"https:\/\/www.cetasmuhendislik.com\/index.php\/devam-eden-projeler\/\" \/>\n<meta property=\"og:locale\" content=\"tr_TR\" \/>\n<meta property=\"og:type\" content=\"article\" \/>\n<meta property=\"og:title\" content=\"Devam Eden Projeler - \u00c7eta\u015f Zemin M\u00fchendislik\" \/>\n<meta property=\"og:description\" content=\"Proje Ad\u0131 Proje Ad\u0131 Proje Ad Proje Ad\u0131 Proje Ad\u0131\" \/>\n<meta property=\"og:url\" content=\"https:\/\/www.cetasmuhendislik.com\/index.php\/devam-eden-projeler\/\" \/>\n<meta property=\"og:site_name\" content=\"\u00c7eta\u015f Zemin M\u00fchendislik\" \/>\n<meta property=\"article:modified_time\" content=\"2024-09-24T09:02:05+00:00\" \/>\n<meta property=\"og:image\" content=\"https:\/\/www.cetasmuhendislik.com\/wp-content\/uploads\/2024\/09\/devam-eden-projeler-1-1024x768.jpg\" \/>\n<meta name=\"twitter:card\" content=\"summary_large_image\" \/>\n<meta name=\"twitter:label1\" content=\"Tahmini okuma s\u00fcresi\" \/>\n\t<meta name=\"twitter:data1\" content=\"2 dakika\" \/>\n<script type=\"application\/ld+json\" class=\"yoast-schema-graph\">{\"@context\":\"https:\/\/schema.org\",\"@graph\":[{\"@type\":\"WebPage\",\"@id\":\"https:\/\/www.cetasmuhendislik.com\/index.php\/devam-eden-projeler\/\",\"url\":\"https:\/\/www.cetasmuhendislik.com\/index.php\/devam-eden-projeler\/\",\"name\":\"Devam Eden Projeler - \u00c7eta\u015f Zemin M\u00fchendislik\",\"isPartOf\":{\"@id\":\"https:\/\/www.cetasmuhendislik.com\/#website\"},\"primaryImageOfPage\":{\"@id\":\"https:\/\/www.cetasmuhendislik.com\/index.php\/devam-eden-projeler\/#primaryimage\"},\"image\":{\"@id\":\"https:\/\/www.cetasmuhendislik.com\/index.php\/devam-eden-projeler\/#primaryimage\"},\"thumbnailUrl\":\"https:\/\/www.cetasmuhendislik.com\/wp-content\/uploads\/2024\/09\/devam-eden-projeler-1-1024x768.jpg\",\"datePublished\":\"2024-09-18T16:14:31+00:00\",\"dateModified\":\"2024-09-24T09:02:05+00:00\",\"breadcrumb\":{\"@id\":\"https:\/\/www.cetasmuhendislik.com\/index.php\/devam-eden-projeler\/#breadcrumb\"},\"inLanguage\":\"tr\",\"potentialAction\":[{\"@type\":\"ReadAction\",\"target\":[\"https:\/\/www.cetasmuhendislik.com\/index.php\/devam-eden-projeler\/\"]}]},{\"@type\":\"ImageObject\",\"inLanguage\":\"tr\",\"@id\":\"https:\/\/www.cetasmuhendislik.com\/index.php\/devam-eden-projeler\/#primaryimage\",\"url\":\"https:\/\/www.cetasmuhendislik.com\/wp-content\/uploads\/2024\/09\/devam-eden-projeler-1.jpg\",\"contentUrl\":\"https:\/\/www.cetasmuhendislik.com\/wp-content\/uploads\/2024\/09\/devam-eden-projeler-1.jpg\",\"width\":1600,\"height\":1200},{\"@type\":\"BreadcrumbList\",\"@id\":\"https:\/\/www.cetasmuhendislik.com\/index.php\/devam-eden-projeler\/#breadcrumb\",\"itemListElement\":[{\"@type\":\"ListItem\",\"position\":1,\"name\":\"Anasayfa\",\"item\":\"https:\/\/www.cetasmuhendislik.com\/\"},{\"@type\":\"ListItem\",\"position\":2,\"name\":\"Devam Eden Projeler\"}]},{\"@type\":\"WebSite\",\"@id\":\"https:\/\/www.cetasmuhendislik.com\/#website\",\"url\":\"https:\/\/www.cetasmuhendislik.com\/\",\"name\":\"\u00c7eta\u015f Zemin M\u00fchendislik\",\"description\":\"\",\"publisher\":{\"@id\":\"https:\/\/www.cetasmuhendislik.com\/#organization\"},\"potentialAction\":[{\"@type\":\"SearchAction\",\"target\":{\"@type\":\"EntryPoint\",\"urlTemplate\":\"https:\/\/www.cetasmuhendislik.com\/?s={search_term_string}\"},\"query-input\":{\"@type\":\"PropertyValueSpecification\",\"valueRequired\":true,\"valueName\":\"search_term_string\"}}],\"inLanguage\":\"tr\"},{\"@type\":\"Organization\",\"@id\":\"https:\/\/www.cetasmuhendislik.com\/#organization\",\"name\":\"\u00c7eta\u015f Zemin M\u00fchendislik\",\"url\":\"https:\/\/www.cetasmuhendislik.com\/\",\"logo\":{\"@type\":\"ImageObject\",\"inLanguage\":\"tr\",\"@id\":\"https:\/\/www.cetasmuhendislik.com\/#\/schema\/logo\/image\/\",\"url\":\"https:\/\/www.cetasmuhendislik.com\/wp-content\/uploads\/2024\/08\/cetas-logo-mini-6.png\",\"contentUrl\":\"https:\/\/www.cetasmuhendislik.com\/wp-content\/uploads\/2024\/08\/cetas-logo-mini-6.png\",\"width\":296,\"height\":87,\"caption\":\"\u00c7eta\u015f Zemin M\u00fchendislik\"},\"image\":{\"@id\":\"https:\/\/www.cetasmuhendislik.com\/#\/schema\/logo\/image\/\"}}]}<\/script>\n<!-- \/ Yoast SEO plugin. -->","yoast_head_json":{"title":"Devam Eden Projeler - \u00c7eta\u015f Zemin M\u00fchendislik","robots":{"index":"index","follow":"follow","max-snippet":"max-snippet:-1","max-image-preview":"max-image-preview:large","max-video-preview":"max-video-preview:-1"},"canonical":"https:\/\/www.cetasmuhendislik.com\/index.php\/devam-eden-projeler\/","og_locale":"tr_TR","og_type":"article","og_title":"Devam Eden Projeler - \u00c7eta\u015f Zemin M\u00fchendislik","og_description":"Proje Ad\u0131 Proje Ad\u0131 Proje Ad Proje Ad\u0131 Proje Ad\u0131","og_url":"https:\/\/www.cetasmuhendislik.com\/index.php\/devam-eden-projeler\/","og_site_name":"\u00c7eta\u015f Zemin M\u00fchendislik","article_modified_time":"2024-09-24T09:02:05+00:00","og_image":[{"url":"https:\/\/www.cetasmuhendislik.com\/wp-content\/uploads\/2024\/09\/devam-eden-projeler-1-1024x768.jpg"}],"twitter_card":"summary_large_image","twitter_misc":{"Tahmini okuma s\u00fcresi":"2 dakika"},"schema":{"@context":"https:\/\/schema.org","@graph":[{"@type":"WebPage","@id":"https:\/\/www.cetasmuhendislik.com\/index.php\/devam-eden-projeler\/","url":"https:\/\/www.cetasmuhendislik.com\/index.php\/devam-eden-projeler\/","name":"Devam Eden Projeler - \u00c7eta\u015f Zemin M\u00fchendislik","isPartOf":{"@id":"https:\/\/www.cetasmuhendislik.com\/#website"},"primaryImageOfPage":{"@id":"https:\/\/www.cetasmuhendislik.com\/index.php\/devam-eden-projeler\/#primaryimage"},"image":{"@id":"https:\/\/www.cetasmuhendislik.com\/index.php\/devam-eden-projeler\/#primaryimage"},"thumbnailUrl":"https:\/\/www.cetasmuhendislik.com\/wp-content\/uploads\/2024\/09\/devam-eden-projeler-1-1024x768.jpg","datePublished":"2024-09-18T16:14:31+00:00","dateModified":"2024-09-24T09:02:05+00:00","breadcrumb":{"@id":"https:\/\/www.cetasmuhendislik.com\/index.php\/devam-eden-projeler\/#breadcrumb"},"inLanguage":"tr","potentialAction":[{"@type":"ReadAction","target":["https:\/\/www.cetasmuhendislik.com\/index.php\/devam-eden-projeler\/"]}]},{"@type":"ImageObject","inLanguage":"tr","@id":"https:\/\/www.cetasmuhendislik.com\/index.php\/devam-eden-projeler\/#primaryimage","url":"https:\/\/www.cetasmuhendislik.com\/wp-content\/uploads\/2024\/09\/devam-eden-projeler-1.jpg","contentUrl":"https:\/\/www.cetasmuhendislik.com\/wp-content\/uploads\/2024\/09\/devam-eden-projeler-1.jpg","width":1600,"height":1200},{"@type":"BreadcrumbList","@id":"https:\/\/www.cetasmuhendislik.com\/index.php\/devam-eden-projeler\/#breadcrumb","itemListElement":[{"@type":"ListItem","position":1,"name":"Anasayfa","item":"https:\/\/www.cetasmuhendislik.com\/"},{"@type":"ListItem","position":2,"name":"Devam Eden Projeler"}]},{"@type":"WebSite","@id":"https:\/\/www.cetasmuhendislik.com\/#website","url":"https:\/\/www.cetasmuhendislik.com\/","name":"\u00c7eta\u015f Zemin M\u00fchendislik","description":"","publisher":{"@id":"https:\/\/www.cetasmuhendislik.com\/#organization"},"potentialAction":[{"@type":"SearchAction","target":{"@type":"EntryPoint","urlTemplate":"https:\/\/www.cetasmuhendislik.com\/?s={search_term_string}"},"query-input":{"@type":"PropertyValueSpecification","valueRequired":true,"valueName":"search_term_string"}}],"inLanguage":"tr"},{"@type":"Organization","@id":"https:\/\/www.cetasmuhendislik.com\/#organization","name":"\u00c7eta\u015f Zemin M\u00fchendislik","url":"https:\/\/www.cetasmuhendislik.com\/","logo":{"@type":"ImageObject","inLanguage":"tr","@id":"https:\/\/www.cetasmuhendislik.com\/#\/schema\/logo\/image\/","url":"https:\/\/www.cetasmuhendislik.com\/wp-content\/uploads\/2024\/08\/cetas-logo-mini-6.png","contentUrl":"https:\/\/www.cetasmuhendislik.com\/wp-content\/uploads\/2024\/08\/cetas-logo-mini-6.png","width":296,"height":87,"caption":"\u00c7eta\u015f Zemin M\u00fchendislik"},"image":{"@id":"https:\/\/www.cetasmuhendislik.com\/#\/schema\/logo\/image\/"}}]}},"_links":{"self":[{"href":"https:\/\/www.cetasmuhendislik.com\/index.php\/wp-json\/wp\/v2\/pages\/2028","targetHints":{"allow":["GET"]}}],"collection":[{"href":"https:\/\/www.cetasmuhendislik.com\/index.php\/wp-json\/wp\/v2\/pages"}],"about":[{"href":"https:\/\/www.cetasmuhendislik.com\/index.php\/wp-json\/wp\/v2\/types\/page"}],"author":[{"embeddable":true,"href":"https:\/\/www.cetasmuhendislik.com\/index.php\/wp-json\/wp\/v2\/users\/1"}],"replies":[{"embeddable":true,"href":"https:\/\/www.cetasmuhendislik.com\/index.php\/wp-json\/wp\/v2\/comments?post=2028"}],"version-history":[{"count":7,"href":"https:\/\/www.cetasmuhendislik.com\/index.php\/wp-json\/wp\/v2\/pages\/2028\/revisions"}],"predecessor-version":[{"id":2102,"href":"https:\/\/www.cetasmuhendislik.com\/index.php\/wp-json\/wp\/v2\/pages\/2028\/revisions\/2102"}],"wp:attachment":[{"href":"https:\/\/www.cetasmuhendislik.com\/index.php\/wp-json\/wp\/v2\/media?parent=2028"}],"curies":[{"name":"wp","href":"https:\/\/api.w.org\/{rel}","templated":true}]}}